{"id":84,"date":"2021-11-09T16:29:49","date_gmt":"2021-11-09T15:29:49","guid":{"rendered":"http:\/\/tousalelysee.net\/?page_id=84"},"modified":"2021-11-29T15:11:44","modified_gmt":"2021-11-29T14:11:44","slug":"actualites","status":"publish","type":"page","link":"https:\/\/tousalelysee.net\/index.php\/actualites\/","title":{"rendered":"Actualit\u00e9s"},"content":{"rendered":"<ul class=\"wp-block-latest-posts__list has-dates has-author wp-block-latest-posts\"><li><a class=\"wp-block-latest-posts__post-title\" href=\"https:\/\/tousalelysee.net\/index.php\/2022\/03\/09\/la-guerre-en-ukraine-faillite-de-la-dissuasion-nucleairepar-jean-marie-matagne\/\"><strong>La guerre en Ukraine, faillite de la dissuasion nucl\u00e9aire<\/strong><br><strong>Par Jean-Marie Matagne<\/strong><\/a><div class=\"wp-block-latest-posts__post-author\">by admin5813<\/div><time datetime=\"4 years ago\" class=\"wp-block-latest-posts__post-date\">4 years ago<\/time><div class=\"wp-block-latest-posts__post-excerpt\">Publi\u00e9 le 9 mars 2022 La guerre que Vladimir Poutine a d\u00e9clar\u00e9e le 24 f\u00e9vrier 2022 \u00e0 l\u2019Ukraine et, de fait, \u00e0 l\u2019Europe, n\u2019\u00e9tonnera que ceux qui se sont voil\u00e9 la face et bouch\u00e9 les oreilles depuis des d\u00e9cennies. Et qui continuent \u00e0 le faire. Autre temps, autre \u00e9tat d\u2019esprit. Le 8 d\u00e9cembre 1987, Gorbatchev\u2026 <a class=\"wp-block-latest-posts__read-more\" href=\"https:\/\/tousalelysee.net\/index.php\/2022\/03\/09\/la-guerre-en-ukraine-faillite-de-la-dissuasion-nucleairepar-jean-marie-matagne\/\" rel=\"noopener noreferrer\">Read more<span class=\"screen-reader-text\">: &lt;strong&gt;La guerre en Ukraine, faillite de la dissuasion nucl\u00e9aire&lt;\/strong&gt;&lt;br&gt;&lt;strong&gt;Par Jean-Marie Matagne&lt;\/strong&gt;<\/span><\/a><\/div><\/li>\n<li><a class=\"wp-block-latest-posts__post-title\" href=\"https:\/\/tousalelysee.net\/index.php\/2022\/02\/24\/folie-nucleaire-folie-militaire-et-maintenant-la-guerre\/\"><strong>Folie nucl\u00e9aire, folie militaire, et maintenant la guerre<\/strong><\/a><div class=\"wp-block-latest-posts__post-author\">by admin5813<\/div><time datetime=\"4 years ago\" class=\"wp-block-latest-posts__post-date\">4 years ago<\/time><div class=\"wp-block-latest-posts__post-excerpt\">La guerre que Vladimir Poutine a d\u00e9clar\u00e9e cette nuit \u00e0 l\u2019Ukraine et, de fait, \u00e0 l\u2019Europe, n\u2019\u00e9tonnera que ceux qui se sont voil\u00e9 la face et bouch\u00e9 les oreilles depuis des d\u00e9cennies. En janvier 1986, le pr\u00e9d\u00e9cesseur de Poutine \u00e0 la t\u00eate de l\u2019empire russe, alors appel\u00e9 URSS, Mikha\u00efl Gorbatchev, lan\u00e7ait cet appel&nbsp;: \u00ab&nbsp;Plus aucune\u2026 <a class=\"wp-block-latest-posts__read-more\" href=\"https:\/\/tousalelysee.net\/index.php\/2022\/02\/24\/folie-nucleaire-folie-militaire-et-maintenant-la-guerre\/\" rel=\"noopener noreferrer\">Read more<span class=\"screen-reader-text\">: &lt;strong&gt;Folie nucl\u00e9aire, folie militaire, et maintenant la guerre&lt;\/strong&gt;<\/span><\/a><\/div><\/li>\n<li><a class=\"wp-block-latest-posts__post-title\" href=\"https:\/\/tousalelysee.net\/index.php\/2022\/02\/20\/le-general-francis-lenne-appelle-les-citoyens-et-les-parrains-a-soutenir-la-candidature-de-jean-marie-matagne-et-les-journalistes-a-en-parler\/\">Le g\u00e9n\u00e9ral Francis Lenne appelle les \u00e9lus \u00e0 parrainer la candidature de Jean-Marie Matagne. Et les journalistes \u00e0 en parler.<\/a><div class=\"wp-block-latest-posts__post-author\">by admin5813<\/div><time datetime=\"4 years ago\" class=\"wp-block-latest-posts__post-date\">4 years ago<\/time><div class=\"wp-block-latest-posts__post-excerpt\">Publi\u00e9 le 20 f\u00e9vrier 2022 La menace permanente que les armes nucl\u00e9aires font peser sur chacun de nous et sur l\u2019humanit\u00e9 enti\u00e8re est tr\u00e8s souvent n\u00e9glig\u00e9e, \u00e9cart\u00e9e et sous-estim\u00e9e dans les discours politiques. Bien au contraire, dans le d\u00e9ni de cette barbarie promise, ceux qui aspirent \u00e0 nous gouverner nous manipulent en voulant nous faire\u2026 <a class=\"wp-block-latest-posts__read-more\" href=\"https:\/\/tousalelysee.net\/index.php\/2022\/02\/20\/le-general-francis-lenne-appelle-les-citoyens-et-les-parrains-a-soutenir-la-candidature-de-jean-marie-matagne-et-les-journalistes-a-en-parler\/\" rel=\"noopener noreferrer\">Read more<span class=\"screen-reader-text\">: Le g\u00e9n\u00e9ral Francis Lenne appelle les \u00e9lus \u00e0 parrainer la candidature de Jean-Marie Matagne. Et les journalistes \u00e0 en parler.<\/span><\/a><\/div><\/li>\n<li><a class=\"wp-block-latest-posts__post-title\" href=\"https:\/\/tousalelysee.net\/index.php\/2022\/02\/08\/mesdames-les-candidates-messieurs-les-candidats-vous-qui-ambitionnez-doccuper-le-pc-jupiter\/\">Mesdames les candidates, Messieurs les candidats, vous qui ambitionnez d&#8217;occuper le PC Jupiter&#8230;<\/a><div class=\"wp-block-latest-posts__post-author\">by admin5813<\/div><time datetime=\"4 years ago\" class=\"wp-block-latest-posts__post-date\">4 years ago<\/time><div class=\"wp-block-latest-posts__post-excerpt\">Mesdames, Messieurs, Il serait temps que vous mesuriez les responsabilit\u00e9s qui vous incomberont si, par malheur pour nous, vous \u00e9tiez \u00e9lu(e) et continuiez \u00e0 vouloir assumer la &#8220;fonction supr\u00eame&#8221; dans toutes ses horreurs. Cette fonction exige que votre r\u00e8gne commence par un acte initiatique&nbsp;: la transmission secr\u00e8te et solennelle du code nucl\u00e9aire par celui qui\u2026 <a class=\"wp-block-latest-posts__read-more\" href=\"https:\/\/tousalelysee.net\/index.php\/2022\/02\/08\/mesdames-les-candidates-messieurs-les-candidats-vous-qui-ambitionnez-doccuper-le-pc-jupiter\/\" rel=\"noopener noreferrer\">Read more<span class=\"screen-reader-text\">: Mesdames les candidates, Messieurs les candidats, vous qui ambitionnez d&#8217;occuper le PC Jupiter&#8230;<\/span><\/a><\/div><\/li>\n<li><a class=\"wp-block-latest-posts__post-title\" href=\"https:\/\/tousalelysee.net\/index.php\/2022\/01\/18\/481\/\">J\u2019arr\u00eate ma gr\u00e8ve de la faim et je maintiens ma candidature \u00e0 la pr\u00e9sidence de la R\u00e9publique<\/a><div class=\"wp-block-latest-posts__post-author\">by admin5813<\/div><time datetime=\"4 years ago\" class=\"wp-block-latest-posts__post-date\">4 years ago<\/time><div class=\"wp-block-latest-posts__post-excerpt\">Communiqu\u00e9 de Jean-Marie MatagnePubli\u00e9 le 18 janvier 2022 Le 7 janvier, j\u2019ai rejoint \u00e0 Saintes les 12 gr\u00e9vistes de la faim parisiens de la Primaire Populaire, visant \u00e0 obtenir un candidat unique de la gauche et des \u00e9cologistes \u00e0 la pr\u00e9sidentielle. Au 12e jour de je\u00fbne, quoique supportant fort bien ce r\u00e9gime et pr\u00eat \u00e0\u2026 <a class=\"wp-block-latest-posts__read-more\" href=\"https:\/\/tousalelysee.net\/index.php\/2022\/01\/18\/481\/\" rel=\"noopener noreferrer\">Read more<span class=\"screen-reader-text\">: J\u2019arr\u00eate ma gr\u00e8ve de la faim et je maintiens ma candidature \u00e0 la pr\u00e9sidence de la R\u00e9publique<\/span><\/a><\/div><\/li>\n<li><a class=\"wp-block-latest-posts__post-title\" href=\"https:\/\/tousalelysee.net\/index.php\/2022\/01\/07\/candidat-a-la-presidentielle-en-greve-de-la-faim\/\">Candidat \u00e0 la pr\u00e9sidentielle, en gr\u00e8ve de la faim<\/a><div class=\"wp-block-latest-posts__post-author\">by admin5813<\/div><time datetime=\"4 years ago\" class=\"wp-block-latest-posts__post-date\">4 years ago<\/time><div class=\"wp-block-latest-posts__post-excerpt\">J\u2019ai appris ce matin par la radio que 12 personnes dont Pierre Larrouturou et Anne Hessel se mettaient en gr\u00e8ve de la faim \u00e0 partir de ce jour \u00e0 Paris pour amener les partis de gauche et les \u00e9cologistes \u00e0 s\u2019entendre et pr\u00e9senter une seule candidature \u00e0 l\u2019\u00e9lection pr\u00e9sidentielle. Ayant moi-m\u00eame pris part \u00e0 la\u2026 <a class=\"wp-block-latest-posts__read-more\" href=\"https:\/\/tousalelysee.net\/index.php\/2022\/01\/07\/candidat-a-la-presidentielle-en-greve-de-la-faim\/\" rel=\"noopener noreferrer\">Read more<span class=\"screen-reader-text\">: Candidat \u00e0 la pr\u00e9sidentielle, en gr\u00e8ve de la faim<\/span><\/a><\/div><\/li>\n<li><a class=\"wp-block-latest-posts__post-title\" href=\"https:\/\/tousalelysee.net\/index.php\/2021\/12\/26\/ne-vaccinez-pas-le-petit-jesus\/\">Ne vaccinez pas le Petit J\u00e9sus !<\/a><div class=\"wp-block-latest-posts__post-author\">by admin5813<\/div><time datetime=\"4 years ago\" class=\"wp-block-latest-posts__post-date\">4 years ago<\/time><div class=\"wp-block-latest-posts__post-excerpt\">Appel aux 925 membres du Parlement fran\u00e7ais Publi\u00e9 le 26 d\u00e9cembre 2021 D\u00e9put\u00e9s, s\u00e9nateurs, ne vaccinez pas le Petit J\u00e9sus&nbsp;!Il risquerait de ne pas atteindre ses 33 ans pour mourir comme pr\u00e9vu par son P\u00e8re.Et n\u2019imposez pas \u00e0 Marie et Joseph un passeport vaccinal&nbsp;!Il pourrait leur interdire l\u2019acc\u00e8s \u00e0 la maternit\u00e9. Nazareth, le 24 d\u00e9cembre\u2026 <a class=\"wp-block-latest-posts__read-more\" href=\"https:\/\/tousalelysee.net\/index.php\/2021\/12\/26\/ne-vaccinez-pas-le-petit-jesus\/\" rel=\"noopener noreferrer\">Read more<span class=\"screen-reader-text\">: Ne vaccinez pas le Petit J\u00e9sus !<\/span><\/a><\/div><\/li>\n<li><a class=\"wp-block-latest-posts__post-title\" href=\"https:\/\/tousalelysee.net\/index.php\/2021\/12\/20\/presidentielle-revoici-le-temps-des-assassins\/\">Pr\u00e9sidentielle\u00a0: revoici le temps des assassins<\/a><div class=\"wp-block-latest-posts__post-author\">by Jean-Marie Matagne<\/div><time datetime=\"4 years ago\" class=\"wp-block-latest-posts__post-date\">4 years ago<\/time><div class=\"wp-block-latest-posts__post-excerpt\">&#8220;Pr\u00e9sidentielle&nbsp;: voici venu le temps des assassins.&#8221; Tel \u00e9tait le titre de l\u2019article publi\u00e9 sur le site d\u2019ACDN le 5 avril 2012, peu apr\u00e8s les crimes de Mohamed Merah \u00e0 Toulouse et Montauban. Pr\u00e8s de dix ans et deux mandatures plus tard, il n\u2019y a rien \u00e0 y changer, h\u00e9las, \u00e0 part le nom des\u2026 <a class=\"wp-block-latest-posts__read-more\" href=\"https:\/\/tousalelysee.net\/index.php\/2021\/12\/20\/presidentielle-revoici-le-temps-des-assassins\/\" rel=\"noopener noreferrer\">Read more<span class=\"screen-reader-text\">: Pr\u00e9sidentielle\u00a0: revoici le temps des assassins<\/span><\/a><\/div><\/li>\n<li><a class=\"wp-block-latest-posts__post-title\" href=\"https:\/\/tousalelysee.net\/index.php\/2021\/12\/18\/les-francais-mesurent-ils-le-danger\/\">Les Fran\u00e7ais mesurent-ils le danger ?<\/a><div class=\"wp-block-latest-posts__post-author\">by Jean-Marie Matagne<\/div><time datetime=\"4 years ago\" class=\"wp-block-latest-posts__post-date\">4 years ago<\/time><div class=\"wp-block-latest-posts__post-excerpt\">Alors que les tambours de guerre battent \u00e0 l\u2019Est de l\u2019Europe, en France on ne voit rien venir en dehors de la N-i\u00e8me vague du Covid, on n\u2019entend rien que les joutes d\u2019ambitieux qui r\u00eavent d\u2019occuper ou de r\u00e9occuper la place du monarque et de jouer les Jupiter, sans autre vision historique que celle de\u2026 <a class=\"wp-block-latest-posts__read-more\" href=\"https:\/\/tousalelysee.net\/index.php\/2021\/12\/18\/les-francais-mesurent-ils-le-danger\/\" rel=\"noopener noreferrer\">Read more<span class=\"screen-reader-text\">: Les Fran\u00e7ais mesurent-ils le danger ?<\/span><\/a><\/div><\/li>\n<li><a class=\"wp-block-latest-posts__post-title\" href=\"https:\/\/tousalelysee.net\/index.php\/2021\/12\/10\/tribune-affirmer-la-vie-contre-la-terreur-atomique\/\">Tribune internationale : Affirmer la vie contre la terreur atomique<\/a><div class=\"wp-block-latest-posts__post-author\">by Jean-Marie Matagne<\/div><time datetime=\"4 years ago\" class=\"wp-block-latest-posts__post-date\">4 years ago<\/time><div class=\"wp-block-latest-posts__post-excerpt\">A l\u2019initiative de l\u2019Action des Citoyens pour le D\u00e9sarmement Nucl\u00e9aire (ACDN) et de son pr\u00e9sident, par ailleurs candidat \u00e0 la pr\u00e9sidentielle de 2022 &#8220;pour un monde d\u00e9carbon\u00e9, d\u00e9nucl\u00e9aris\u00e9, d\u00e9militaris\u00e9&#8221;, la tribune ci-dessous a re\u00e7u le soutien de 45 responsables associatifs, \u00e9lus ou artistes et \u00e9crivains, dont une quinzaine \u00e0 l\u2019\u00e9tranger. Chacun peut la signer. Il\u2026 <a class=\"wp-block-latest-posts__read-more\" href=\"https:\/\/tousalelysee.net\/index.php\/2021\/12\/10\/tribune-affirmer-la-vie-contre-la-terreur-atomique\/\" rel=\"noopener noreferrer\">Read more<span class=\"screen-reader-text\">: Tribune internationale : Affirmer la vie contre la terreur atomique<\/span><\/a><\/div><\/li>\n<li><a class=\"wp-block-latest-posts__post-title\" href=\"https:\/\/tousalelysee.net\/index.php\/2021\/12\/05\/tartufe-dans-le-golfe-cachez-ce-sang-que-je-ne-saurais-voir\/\">Tartufe dans le Golfe : &#8220;Cachez ce sang que je ne saurais voir&#8221;<\/a><div class=\"wp-block-latest-posts__post-author\">by Jean-Marie Matagne<\/div><time datetime=\"4 years ago\" class=\"wp-block-latest-posts__post-date\">4 years ago<\/time><div class=\"wp-block-latest-posts__post-excerpt\">En novembre 2019, M.\u00a0Macron fait sponsoriser la 2e \u00e9dition de son \u00ab\u00a0Forum de Paris sur la Paix\u00a0\u00bb par les Emirats Arabes Unis, qui ne craignent pas d\u2019y organiser des \u00ab\u00a0Peace Games\u00a0\u00bb pendant qu\u2019ils font la guerre au Y\u00e9men. A Duba\u00ef le 3 d\u00e9cembre 2021, M.\u00a0Macron se f\u00e9licite de signer avec les Emirats Arabes Unis \u00ab\u00a0le\u2026 <a class=\"wp-block-latest-posts__read-more\" href=\"https:\/\/tousalelysee.net\/index.php\/2021\/12\/05\/tartufe-dans-le-golfe-cachez-ce-sang-que-je-ne-saurais-voir\/\" rel=\"noopener noreferrer\">Read more<span class=\"screen-reader-text\">: Tartufe dans le Golfe : &#8220;Cachez ce sang que je ne saurais voir&#8221;<\/span><\/a><\/div><\/li>\n<li><a class=\"wp-block-latest-posts__post-title\" href=\"https:\/\/tousalelysee.net\/index.php\/2021\/11\/29\/les-reves-militaristes-de-jean-luc-melenchon\/\">Jean-Luc M\u00e9lenchon voudrait lancer la France dans la guerre des \u00e9toiles<\/a><div class=\"wp-block-latest-posts__post-author\">by Jean-Marie Matagne<\/div><time datetime=\"4 years ago\" class=\"wp-block-latest-posts__post-date\">4 years ago<\/time><div class=\"wp-block-latest-posts__post-excerpt\">Dans son communiqu\u00e9 de presse du 27 novembre, Jean-Luc M\u00e9lenchon se demande pourquoi \u00ab&nbsp;deux jours apr\u00e8s l\u2019\u00e9mission de BFM o\u00f9 [il a] pos\u00e9 le probl\u00e8me de la pertinence de la dissuasion nucl\u00e9aire du fait de l\u2019entr\u00e9e dans l\u2019\u00e8re de la guerre par l\u2019Espace, aucun autre candidat ni leur parti n\u2019ait exprim\u00e9 de point de vue\u2026 <a class=\"wp-block-latest-posts__read-more\" href=\"https:\/\/tousalelysee.net\/index.php\/2021\/11\/29\/les-reves-militaristes-de-jean-luc-melenchon\/\" rel=\"noopener noreferrer\">Read more<span class=\"screen-reader-text\">: Jean-Luc M\u00e9lenchon voudrait lancer la France dans la guerre des \u00e9toiles<\/span><\/a><\/div><\/li>\n<li><a class=\"wp-block-latest-posts__post-title\" href=\"https:\/\/tousalelysee.net\/index.php\/2021\/11\/10\/emmanuel-macron-prestidigitateur\/\">Emmanuel Macron, prestidigitateur<\/a><div class=\"wp-block-latest-posts__post-author\">by Jean-Marie Matagne<\/div><time datetime=\"4 years ago\" class=\"wp-block-latest-posts__post-date\">4 years ago<\/time><div class=\"wp-block-latest-posts__post-excerpt\">Communiqu\u00e9 de presse, Saintes, le 10 novembre 2021 Ce 9 novembre, M.&nbsp;Macron a probablement d\u00e9livr\u00e9 le meilleur de ses discours de la p\u00e9riode \u00ab&nbsp;Covid&nbsp;\u00bb, le plus s\u00e9duisant, le plus habile. Celui dans lequel il s\u2019attribue &#8211; avec une modestie inhabituelle, le \u00ab&nbsp;nous&nbsp;\u00bb venant remplacer le \u00ab&nbsp;je&nbsp;\u00bb\u2026 &#8211; le succ\u00e8s pr\u00e9sum\u00e9 d\u2019une lutte contre le Covid\u2026 <a class=\"wp-block-latest-posts__read-more\" href=\"https:\/\/tousalelysee.net\/index.php\/2021\/11\/10\/emmanuel-macron-prestidigitateur\/\" rel=\"noopener noreferrer\">Read more<span class=\"screen-reader-text\">: Emmanuel Macron, prestidigitateur<\/span><\/a><\/div><\/li>\n<li><a class=\"wp-block-latest-posts__post-title\" href=\"https:\/\/tousalelysee.net\/index.php\/2021\/11\/08\/bonjour-tout-le-monde\/\">Candidature \u00e0 la Pr\u00e9sidentielle 2022<\/a><div class=\"wp-block-latest-posts__post-author\">by Jean-Marie Matagne<\/div><time datetime=\"4 years ago\" class=\"wp-block-latest-posts__post-date\">4 years ago<\/time><div class=\"wp-block-latest-posts__post-excerpt\">Pour une France d\u00e9mocratique et conviviale dans un monde vivable, d\u00e9carbon\u00e9, d\u00e9nucl\u00e9aris\u00e9, d\u00e9militaris\u00e9par Jean-Marie MATAGNE La pr\u00e9sidentielle de 2022 permettra-t-elle d\u2019\u00e9carter les deux pires dangers qui menacent l\u2019humanit\u00e9, la d\u00e9gradation du climat et les armes nucl\u00e9aires&nbsp;? On peut craindre que non. La lutte contre le r\u00e9chauffement climatique mobilise heureusement la jeunesse et les opinions publiques.\u2026 <a class=\"wp-block-latest-posts__read-more\" href=\"https:\/\/tousalelysee.net\/index.php\/2021\/11\/08\/bonjour-tout-le-monde\/\" rel=\"noopener noreferrer\">Read more<span class=\"screen-reader-text\">: Candidature \u00e0 la Pr\u00e9sidentielle 2022<\/span><\/a><\/div><\/li>\n<\/ul>","protected":false},"excerpt":{"rendered":"","protected":false},"author":1,"featured_media":0,"parent":0,"menu_order":0,"comment_status":"closed","ping_status":"closed","template":"","meta":{"footnotes":""},"class_list":["post-84","page","type-page","status-publish","hentry"],"yoast_head":"<!-- This site is optimized with the Yoast SEO plugin v24.9 - https:\/\/yoast.com\/wordpress\/plugins\/seo\/ -->\n<title>Actualit\u00e9s - Tous \u00e0 l&#039;\u00c9lys\u00e9e<\/title>\n<meta name=\"robots\" content=\"index, follow, max-snippet:-1, max-image-preview:large, max-video-preview:-1\" \/>\n<link rel=\"canonical\" href=\"https:\/\/tousalelysee.net\/index.php\/actualites\/\" \/>\n<meta property=\"og:locale\" content=\"en_US\" \/>\n<meta property=\"og:type\" content=\"article\" \/>\n<meta property=\"og:title\" content=\"Actualit\u00e9s - Tous \u00e0 l&#039;\u00c9lys\u00e9e\" \/>\n<meta property=\"og:url\" content=\"https:\/\/tousalelysee.net\/index.php\/actualites\/\" \/>\n<meta property=\"og:site_name\" content=\"Tous \u00e0 l&#039;\u00c9lys\u00e9e\" \/>\n<meta property=\"article:modified_time\" content=\"2021-11-29T14:11:44+00:00\" \/>\n<meta name=\"twitter:card\" content=\"summary_large_image\" \/>\n<script type=\"application\/ld+json\" class=\"yoast-schema-graph\">{\"@context\":\"https:\/\/schema.org\",\"@graph\":[{\"@type\":\"WebPage\",\"@id\":\"https:\/\/tousalelysee.net\/index.php\/actualites\/\",\"url\":\"https:\/\/tousalelysee.net\/index.php\/actualites\/\",\"name\":\"Actualit\u00e9s - Tous \u00e0 l&#039;\u00c9lys\u00e9e\",\"isPartOf\":{\"@id\":\"https:\/\/tousalelysee.net\/#website\"},\"datePublished\":\"2021-11-09T15:29:49+00:00\",\"dateModified\":\"2021-11-29T14:11:44+00:00\",\"breadcrumb\":{\"@id\":\"https:\/\/tousalelysee.net\/index.php\/actualites\/#breadcrumb\"},\"inLanguage\":\"en-US\",\"potentialAction\":[{\"@type\":\"ReadAction\",\"target\":[\"https:\/\/tousalelysee.net\/index.php\/actualites\/\"]}]},{\"@type\":\"BreadcrumbList\",\"@id\":\"https:\/\/tousalelysee.net\/index.php\/actualites\/#breadcrumb\",\"itemListElement\":[{\"@type\":\"ListItem\",\"position\":1,\"name\":\"Accueil\",\"item\":\"https:\/\/tousalelysee.net\/\"},{\"@type\":\"ListItem\",\"position\":2,\"name\":\"Actualit\u00e9s\"}]},{\"@type\":\"WebSite\",\"@id\":\"https:\/\/tousalelysee.net\/#website\",\"url\":\"https:\/\/tousalelysee.net\/\",\"name\":\"Tous \u00e0 l'\u00c9lys\u00e9e\",\"description\":\"Comit\u00e9 de soutien \u00e0 la candidature de Jean Marie Matagne\",\"publisher\":{\"@id\":\"https:\/\/tousalelysee.net\/#\/schema\/person\/825a2edf2e31377a5d7011698950494c\"},\"potentialAction\":[{\"@type\":\"SearchAction\",\"target\":{\"@type\":\"EntryPoint\",\"urlTemplate\":\"https:\/\/tousalelysee.net\/?s={search_term_string}\"},\"query-input\":{\"@type\":\"PropertyValueSpecification\",\"valueRequired\":true,\"valueName\":\"search_term_string\"}}],\"inLanguage\":\"en-US\"},{\"@type\":[\"Person\",\"Organization\"],\"@id\":\"https:\/\/tousalelysee.net\/#\/schema\/person\/825a2edf2e31377a5d7011698950494c\",\"name\":\"Jean-Marie Matagne\",\"image\":{\"@type\":\"ImageObject\",\"inLanguage\":\"en-US\",\"@id\":\"https:\/\/tousalelysee.net\/#\/schema\/person\/image\/\",\"url\":\"https:\/\/secure.gravatar.com\/avatar\/ce7b23af69c7ad417200622d5999f588e50c14977aec8104613b9036a66a9eb5?s=96&d=mm&r=g\",\"contentUrl\":\"https:\/\/secure.gravatar.com\/avatar\/ce7b23af69c7ad417200622d5999f588e50c14977aec8104613b9036a66a9eb5?s=96&d=mm&r=g\",\"caption\":\"Jean-Marie Matagne\"},\"logo\":{\"@id\":\"https:\/\/tousalelysee.net\/#\/schema\/person\/image\/\"}}]}<\/script>\n<!-- \/ Yoast SEO plugin. -->","yoast_head_json":{"title":"Actualit\u00e9s - Tous \u00e0 l&#039;\u00c9lys\u00e9e","robots":{"index":"index","follow":"follow","max-snippet":"max-snippet:-1","max-image-preview":"max-image-preview:large","max-video-preview":"max-video-preview:-1"},"canonical":"https:\/\/tousalelysee.net\/index.php\/actualites\/","og_locale":"en_US","og_type":"article","og_title":"Actualit\u00e9s - Tous \u00e0 l&#039;\u00c9lys\u00e9e","og_url":"https:\/\/tousalelysee.net\/index.php\/actualites\/","og_site_name":"Tous \u00e0 l&#039;\u00c9lys\u00e9e","article_modified_time":"2021-11-29T14:11:44+00:00","twitter_card":"summary_large_image","schema":{"@context":"https:\/\/schema.org","@graph":[{"@type":"WebPage","@id":"https:\/\/tousalelysee.net\/index.php\/actualites\/","url":"https:\/\/tousalelysee.net\/index.php\/actualites\/","name":"Actualit\u00e9s - Tous \u00e0 l&#039;\u00c9lys\u00e9e","isPartOf":{"@id":"https:\/\/tousalelysee.net\/#website"},"datePublished":"2021-11-09T15:29:49+00:00","dateModified":"2021-11-29T14:11:44+00:00","breadcrumb":{"@id":"https:\/\/tousalelysee.net\/index.php\/actualites\/#breadcrumb"},"inLanguage":"en-US","potentialAction":[{"@type":"ReadAction","target":["https:\/\/tousalelysee.net\/index.php\/actualites\/"]}]},{"@type":"BreadcrumbList","@id":"https:\/\/tousalelysee.net\/index.php\/actualites\/#breadcrumb","itemListElement":[{"@type":"ListItem","position":1,"name":"Accueil","item":"https:\/\/tousalelysee.net\/"},{"@type":"ListItem","position":2,"name":"Actualit\u00e9s"}]},{"@type":"WebSite","@id":"https:\/\/tousalelysee.net\/#website","url":"https:\/\/tousalelysee.net\/","name":"Tous \u00e0 l'\u00c9lys\u00e9e","description":"Comit\u00e9 de soutien \u00e0 la candidature de Jean Marie Matagne","publisher":{"@id":"https:\/\/tousalelysee.net\/#\/schema\/person\/825a2edf2e31377a5d7011698950494c"},"potentialAction":[{"@type":"SearchAction","target":{"@type":"EntryPoint","urlTemplate":"https:\/\/tousalelysee.net\/?s={search_term_string}"},"query-input":{"@type":"PropertyValueSpecification","valueRequired":true,"valueName":"search_term_string"}}],"inLanguage":"en-US"},{"@type":["Person","Organization"],"@id":"https:\/\/tousalelysee.net\/#\/schema\/person\/825a2edf2e31377a5d7011698950494c","name":"Jean-Marie Matagne","image":{"@type":"ImageObject","inLanguage":"en-US","@id":"https:\/\/tousalelysee.net\/#\/schema\/person\/image\/","url":"https:\/\/secure.gravatar.com\/avatar\/ce7b23af69c7ad417200622d5999f588e50c14977aec8104613b9036a66a9eb5?s=96&d=mm&r=g","contentUrl":"https:\/\/secure.gravatar.com\/avatar\/ce7b23af69c7ad417200622d5999f588e50c14977aec8104613b9036a66a9eb5?s=96&d=mm&r=g","caption":"Jean-Marie Matagne"},"logo":{"@id":"https:\/\/tousalelysee.net\/#\/schema\/person\/image\/"}}]}},"_links":{"self":[{"href":"https:\/\/tousalelysee.net\/index.php\/wp-json\/wp\/v2\/pages\/84","targetHints":{"allow":["GET"]}}],"collection":[{"href":"https:\/\/tousalelysee.net\/index.php\/wp-json\/wp\/v2\/pages"}],"about":[{"href":"https:\/\/tousalelysee.net\/index.php\/wp-json\/wp\/v2\/types\/page"}],"author":[{"embeddable":true,"href":"https:\/\/tousalelysee.net\/index.php\/wp-json\/wp\/v2\/users\/1"}],"replies":[{"embeddable":true,"href":"https:\/\/tousalelysee.net\/index.php\/wp-json\/wp\/v2\/comments?post=84"}],"version-history":[{"count":3,"href":"https:\/\/tousalelysee.net\/index.php\/wp-json\/wp\/v2\/pages\/84\/revisions"}],"predecessor-version":[{"id":439,"href":"https:\/\/tousalelysee.net\/index.php\/wp-json\/wp\/v2\/pages\/84\/revisions\/439"}],"wp:attachment":[{"href":"https:\/\/tousalelysee.net\/index.php\/wp-json\/wp\/v2\/media?parent=84"}],"curies":[{"name":"wp","href":"https:\/\/api.w.org\/{rel}","templated":true}]}}