{"id":47,"date":"2021-11-09T13:06:58","date_gmt":"2021-11-09T12:06:58","guid":{"rendered":"http:\/\/tousalelysee.net\/?page_id=47"},"modified":"2022-02-22T15:26:13","modified_gmt":"2022-02-22T14:26:13","slug":"objectifs","status":"publish","type":"page","link":"https:\/\/tousalelysee.net\/index.php\/objectifs\/","title":{"rendered":"Objectifs"},"content":{"rendered":"\n<div class=\"wp-block-group is-layout-flow wp-block-group-is-layout-flow\">\n<h2 class=\"wp-block-heading\" id=\"candidature-a-la-presidentielle-2022pour-une-france-conviviale-dans-un-monde-en-paix-decarbone-denuclearise-demilitarisepar-jean-marie-matagne\"><strong>Candidature \u00e0 la Pr\u00e9sidentielle 2022<\/strong><br><strong>Pour une France conviviale dans un monde en paix, d\u00e9carbon\u00e9, d\u00e9nucl\u00e9aris\u00e9, d\u00e9militaris\u00e9<\/strong><br><strong>par Jean-Marie MATAGNE<\/strong><\/h2>\n<\/div>\n\n\n\n<p><\/p>\n\n\n\n<p><img loading=\"lazy\" decoding=\"async\" src=\"https:\/\/www.acdn.net\/spip\/IMG\/jpg\/jmm_au_parasol.jpg\" alt=\"\" width=\"226\" height=\"266\"> <em>La pr\u00e9sidentielle de 2022 permettra-t-elle d\u2019\u00e9carter les deux pires dangers qui menacent l\u2019humanit\u00e9, la d\u00e9gradation du climat et les armes nucl\u00e9aires&nbsp;? On peut craindre que non.<\/em><\/p>\n\n\n\n<p>La lutte contre le r\u00e9chauffement climatique mobilise heureusement la jeunesse et les opinions publiques. Cependant, l\u2019action des gouvernements, y compris le n\u00f4tre, est loin d\u2019y suffire. Quant \u00e0 l\u2019autre menace, qui peut se r\u00e9aliser \u00e0 tout moment, personne parmi les candidats au bouton nucl\u00e9aire ne semble vouloir en parler. La Bombe, cl\u00e9 de vo\u00fbte du syst\u00e8me mondial de domination et de m\u00e9pris des hommes, de la nature et de la vie, restera donc une fois de plus hors du champ de la campagne pr\u00e9sidentielle&nbsp;? C\u2019est inacceptable.<\/p>\n\n\n\n<p>A plus forte raison quand, selon le<em> Bulletin des savants atomistes<\/em>, les effets du d\u00e9r\u00e8glement climatique s\u2019ajoutant aux tensions internationales exacerb\u00e9es par les ventes d\u2019armes de guerre et la course aux armes nucl\u00e9aires, <em>nous sommes \u00e0 100 secondes de l\u2019Apocalypse.<\/em><\/p>\n\n\n\n<p>La situation mondiale est bien trop grave pour qu\u2019on ne s\u2019attelle pas \u00e0 la surmonter collectivement, sur d\u2019autres bases que celles d\u2019un capitalisme d\u00e9brid\u00e9 et d\u2019un terrorisme d\u2019Etat. La cupidit\u00e9, la rivalit\u00e9 et le militarisme doivent faire place \u00e0 la coop\u00e9ration solidaire.<\/p>\n\n\n\n<p>Dans ce monde sinistr\u00e9, au bord du gouffre, il y a tout de m\u00eame des motifs d\u2019esp\u00e9rer. Je le soulignais il y a dix ans, dans le pr\u00e9ambule \u00e0 la <a href=\"https:\/\/www.acdn.net\/spip\/spip.php?article707\">Charte pour un Monde Vivable<\/a>. Depuis, la situation n\u2019a fait qu\u2019empirer. Mais l\u2019espoir reste possible. Plus pour longtemps, il est vrai.<\/p>\n\n\n\n<p>Dans cette Charte, il \u00e9tait d\u00e9j\u00e0 question de l\u2019\u00e9nergie, du climat, de la biodiversit\u00e9, des pand\u00e9mies, des droits humains, de la justice fiscale, du vote blanc, du RIC\u2026 R\u00e9dig\u00e9e \u00e0 Saintes en 2011 par 150 citoyens r\u00e9unis \u00e0 l\u2019appel de 6 organisations et adopt\u00e9e par eux \u00e0 l\u2019unanimit\u00e9 \u00e0 l\u2019issue de leurs travaux, actualis\u00e9e en 2019 par un groupe de Gilets Jaunes sous le nom de <a href=\"https:\/\/www.acdn.net\/spip\/spip.php?article1222\">Charte pour une France et un monde humains<\/a> en 123 articles, elle devrait devenir notre r\u00e9f\u00e9rence, comme les conclusions de la &#8220;convention citoyenne&#8221; sur le climat.<\/p>\n\n\n\n<p>Ma candidature n\u2019est pas une simple &#8220;candidature de t\u00e9moignage&#8221;. C\u2019est une candidature de combat. Un combat associatif, non-violent, que je poursuis depuis 50 ans avec une absolue d\u00e9termination. Je le m\u00e8nerai jusque-l\u00e0 o\u00f9 les Fran\u00e7ais jugeront bon de le conduire. Ils sont 85% (Sondage IFOP-ACDN, 2018), \u00e0 vouloir que la France n\u00e9gocie un trait\u00e9 d\u2019\u00e9limination compl\u00e8te des armes nucl\u00e9aires et radioactives, conform\u00e9ment \u00e0 l\u2019article 6 du Trait\u00e9 de Non-Prolif\u00e9ration qu\u2019elle a ratifi\u00e9 en 1992 et \u00e0 sa propre Constitution. Pour forcer ce respect du droit par la France, nous devons \u00eatre consult\u00e9s par r\u00e9f\u00e9rendum, comme sur toute question d\u2019importance conforme \u00e0 la d\u00e9claration universelle des droits de l\u2019Homme.<\/p>\n\n\n\n<p>La soci\u00e9t\u00e9 civile a des ressources inestimables. Ayons confiance en elle. &#8220;Le souverain&#8221;, comme disait Rousseau, ce n\u2019est ni un monarque (surtout pas&nbsp;!), ni le seul Parlement, ni les lobbies, ni la classe politique, c\u2019est le peuple fran\u00e7ais dans son enti\u00e8ret\u00e9. Pour ma part, je ne crois pas \u00e0 mon &#8220;destin&#8221;, mais \u00e0 la difficile vertu de la d\u00e9mocratie. Le peuple fran\u00e7ais est parfaitement capable de prendre son destin en mains, pourvu qu\u2019on cesse de le spolier de ses droits et que la devise r\u00e9publicaine soit pleinement respect\u00e9e.<\/p>\n\n\n\n<p>Citoyennes, citoyens, pour contribuer \u00e0 r\u00e9soudre nos probl\u00e8mes quotidiens, sociaux et soci\u00e9taux, sanitaires, financiers, administratifs, sans oublier aucun des dangers majeurs, climatique et \u00e9cocidaire, nucl\u00e9aire et militaire, qui menacent notre plan\u00e8te, faisons \u00e9quipe et agissons ensemble&nbsp;!<\/p>\n\n\n\n<p>Saintes, le 4 novembre 2021<\/p>\n\n\n\n<p><strong>Jean-Marie Matagne<\/strong><br>Pr\u00e9sident de l\u2019Action des Citoyens pour le D\u00e9sarmement Nucl\u00e9aire (ACDN)<br>Docteur en philosophie<\/p>\n\n\n\n<p><\/p>\n","protected":false},"excerpt":{"rendered":"<p>Candidature \u00e0 la Pr\u00e9sidentielle 2022Pour une France conviviale dans un monde en paix, d\u00e9carbon\u00e9, d\u00e9nucl\u00e9aris\u00e9, d\u00e9militaris\u00e9par Jean-Marie MATAGNE La pr\u00e9sidentielle de 2022 permettra-t-elle d\u2019\u00e9carter les deux pires dangers qui menacent l\u2019humanit\u00e9, la d\u00e9gradation du climat et les armes nucl\u00e9aires&nbsp;? On peut craindre que non. La lutte contre le r\u00e9chauffement climatique mobilise heureusement la jeunesse et [&hellip;]<\/p>\n","protected":false},"author":1,"featured_media":87,"parent":0,"menu_order":0,"comment_status":"closed","ping_status":"closed","template":"","meta":{"footnotes":""},"class_list":["post-47","page","type-page","status-publish","has-post-thumbnail","hentry"],"yoast_head":"<!-- This site is optimized with the Yoast SEO plugin v24.9 - https:\/\/yoast.com\/wordpress\/plugins\/seo\/ -->\n<title>Objectifs - Tous \u00e0 l&#039;\u00c9lys\u00e9e<\/title>\n<meta name=\"robots\" content=\"index, follow, max-snippet:-1, max-image-preview:large, max-video-preview:-1\" \/>\n<link rel=\"canonical\" href=\"https:\/\/tousalelysee.net\/index.php\/objectifs\/\" \/>\n<meta property=\"og:locale\" content=\"en_US\" \/>\n<meta property=\"og:type\" content=\"article\" \/>\n<meta property=\"og:title\" content=\"Objectifs - Tous \u00e0 l&#039;\u00c9lys\u00e9e\" \/>\n<meta property=\"og:description\" content=\"Candidature \u00e0 la Pr\u00e9sidentielle 2022Pour une France conviviale dans un monde en paix, d\u00e9carbon\u00e9, d\u00e9nucl\u00e9aris\u00e9, d\u00e9militaris\u00e9par Jean-Marie MATAGNE La pr\u00e9sidentielle de 2022 permettra-t-elle d\u2019\u00e9carter les deux pires dangers qui menacent l\u2019humanit\u00e9, la d\u00e9gradation du climat et les armes nucl\u00e9aires&nbsp;? On peut craindre que non. La lutte contre le r\u00e9chauffement climatique mobilise heureusement la jeunesse et [&hellip;]\" \/>\n<meta property=\"og:url\" content=\"https:\/\/tousalelysee.net\/index.php\/objectifs\/\" \/>\n<meta property=\"og:site_name\" content=\"Tous \u00e0 l&#039;\u00c9lys\u00e9e\" \/>\n<meta property=\"article:modified_time\" content=\"2022-02-22T14:26:13+00:00\" \/>\n<meta property=\"og:image\" content=\"https:\/\/tousalelysee.net\/wp-content\/uploads\/2021\/11\/JMM-au-parasol.jpg\" \/>\n\t<meta property=\"og:image:width\" content=\"226\" \/>\n\t<meta property=\"og:image:height\" content=\"266\" \/>\n\t<meta property=\"og:image:type\" content=\"image\/jpeg\" \/>\n<meta name=\"twitter:card\" content=\"summary_large_image\" \/>\n<meta name=\"twitter:label1\" content=\"Est. reading time\" \/>\n\t<meta name=\"twitter:data1\" content=\"4 minutes\" \/>\n<script type=\"application\/ld+json\" class=\"yoast-schema-graph\">{\"@context\":\"https:\/\/schema.org\",\"@graph\":[{\"@type\":\"WebPage\",\"@id\":\"https:\/\/tousalelysee.net\/index.php\/objectifs\/\",\"url\":\"https:\/\/tousalelysee.net\/index.php\/objectifs\/\",\"name\":\"Objectifs - Tous \u00e0 l&#039;\u00c9lys\u00e9e\",\"isPartOf\":{\"@id\":\"https:\/\/tousalelysee.net\/#website\"},\"primaryImageOfPage\":{\"@id\":\"https:\/\/tousalelysee.net\/index.php\/objectifs\/#primaryimage\"},\"image\":{\"@id\":\"https:\/\/tousalelysee.net\/index.php\/objectifs\/#primaryimage\"},\"thumbnailUrl\":\"https:\/\/tousalelysee.net\/wp-content\/uploads\/2021\/11\/JMM-au-parasol.jpg\",\"datePublished\":\"2021-11-09T12:06:58+00:00\",\"dateModified\":\"2022-02-22T14:26:13+00:00\",\"breadcrumb\":{\"@id\":\"https:\/\/tousalelysee.net\/index.php\/objectifs\/#breadcrumb\"},\"inLanguage\":\"en-US\",\"potentialAction\":[{\"@type\":\"ReadAction\",\"target\":[\"https:\/\/tousalelysee.net\/index.php\/objectifs\/\"]}]},{\"@type\":\"ImageObject\",\"inLanguage\":\"en-US\",\"@id\":\"https:\/\/tousalelysee.net\/index.php\/objectifs\/#primaryimage\",\"url\":\"https:\/\/tousalelysee.net\/wp-content\/uploads\/2021\/11\/JMM-au-parasol.jpg\",\"contentUrl\":\"https:\/\/tousalelysee.net\/wp-content\/uploads\/2021\/11\/JMM-au-parasol.jpg\",\"width\":226,\"height\":266},{\"@type\":\"BreadcrumbList\",\"@id\":\"https:\/\/tousalelysee.net\/index.php\/objectifs\/#breadcrumb\",\"itemListElement\":[{\"@type\":\"ListItem\",\"position\":1,\"name\":\"Accueil\",\"item\":\"https:\/\/tousalelysee.net\/\"},{\"@type\":\"ListItem\",\"position\":2,\"name\":\"Objectifs\"}]},{\"@type\":\"WebSite\",\"@id\":\"https:\/\/tousalelysee.net\/#website\",\"url\":\"https:\/\/tousalelysee.net\/\",\"name\":\"Tous \u00e0 l'\u00c9lys\u00e9e\",\"description\":\"Comit\u00e9 de soutien \u00e0 la candidature de Jean Marie Matagne\",\"publisher\":{\"@id\":\"https:\/\/tousalelysee.net\/#\/schema\/person\/825a2edf2e31377a5d7011698950494c\"},\"potentialAction\":[{\"@type\":\"SearchAction\",\"target\":{\"@type\":\"EntryPoint\",\"urlTemplate\":\"https:\/\/tousalelysee.net\/?s={search_term_string}\"},\"query-input\":{\"@type\":\"PropertyValueSpecification\",\"valueRequired\":true,\"valueName\":\"search_term_string\"}}],\"inLanguage\":\"en-US\"},{\"@type\":[\"Person\",\"Organization\"],\"@id\":\"https:\/\/tousalelysee.net\/#\/schema\/person\/825a2edf2e31377a5d7011698950494c\",\"name\":\"Jean-Marie Matagne\",\"image\":{\"@type\":\"ImageObject\",\"inLanguage\":\"en-US\",\"@id\":\"https:\/\/tousalelysee.net\/#\/schema\/person\/image\/\",\"url\":\"https:\/\/secure.gravatar.com\/avatar\/ce7b23af69c7ad417200622d5999f588e50c14977aec8104613b9036a66a9eb5?s=96&d=mm&r=g\",\"contentUrl\":\"https:\/\/secure.gravatar.com\/avatar\/ce7b23af69c7ad417200622d5999f588e50c14977aec8104613b9036a66a9eb5?s=96&d=mm&r=g\",\"caption\":\"Jean-Marie Matagne\"},\"logo\":{\"@id\":\"https:\/\/tousalelysee.net\/#\/schema\/person\/image\/\"}}]}<\/script>\n<!-- \/ Yoast SEO plugin. -->","yoast_head_json":{"title":"Objectifs - Tous \u00e0 l&#039;\u00c9lys\u00e9e","robots":{"index":"index","follow":"follow","max-snippet":"max-snippet:-1","max-image-preview":"max-image-preview:large","max-video-preview":"max-video-preview:-1"},"canonical":"https:\/\/tousalelysee.net\/index.php\/objectifs\/","og_locale":"en_US","og_type":"article","og_title":"Objectifs - Tous \u00e0 l&#039;\u00c9lys\u00e9e","og_description":"Candidature \u00e0 la Pr\u00e9sidentielle 2022Pour une France conviviale dans un monde en paix, d\u00e9carbon\u00e9, d\u00e9nucl\u00e9aris\u00e9, d\u00e9militaris\u00e9par Jean-Marie MATAGNE La pr\u00e9sidentielle de 2022 permettra-t-elle d\u2019\u00e9carter les deux pires dangers qui menacent l\u2019humanit\u00e9, la d\u00e9gradation du climat et les armes nucl\u00e9aires&nbsp;? On peut craindre que non. La lutte contre le r\u00e9chauffement climatique mobilise heureusement la jeunesse et [&hellip;]","og_url":"https:\/\/tousalelysee.net\/index.php\/objectifs\/","og_site_name":"Tous \u00e0 l&#039;\u00c9lys\u00e9e","article_modified_time":"2022-02-22T14:26:13+00:00","og_image":[{"width":226,"height":266,"url":"https:\/\/tousalelysee.net\/wp-content\/uploads\/2021\/11\/JMM-au-parasol.jpg","type":"image\/jpeg"}],"twitter_card":"summary_large_image","twitter_misc":{"Est. reading time":"4 minutes"},"schema":{"@context":"https:\/\/schema.org","@graph":[{"@type":"WebPage","@id":"https:\/\/tousalelysee.net\/index.php\/objectifs\/","url":"https:\/\/tousalelysee.net\/index.php\/objectifs\/","name":"Objectifs - Tous \u00e0 l&#039;\u00c9lys\u00e9e","isPartOf":{"@id":"https:\/\/tousalelysee.net\/#website"},"primaryImageOfPage":{"@id":"https:\/\/tousalelysee.net\/index.php\/objectifs\/#primaryimage"},"image":{"@id":"https:\/\/tousalelysee.net\/index.php\/objectifs\/#primaryimage"},"thumbnailUrl":"https:\/\/tousalelysee.net\/wp-content\/uploads\/2021\/11\/JMM-au-parasol.jpg","datePublished":"2021-11-09T12:06:58+00:00","dateModified":"2022-02-22T14:26:13+00:00","breadcrumb":{"@id":"https:\/\/tousalelysee.net\/index.php\/objectifs\/#breadcrumb"},"inLanguage":"en-US","potentialAction":[{"@type":"ReadAction","target":["https:\/\/tousalelysee.net\/index.php\/objectifs\/"]}]},{"@type":"ImageObject","inLanguage":"en-US","@id":"https:\/\/tousalelysee.net\/index.php\/objectifs\/#primaryimage","url":"https:\/\/tousalelysee.net\/wp-content\/uploads\/2021\/11\/JMM-au-parasol.jpg","contentUrl":"https:\/\/tousalelysee.net\/wp-content\/uploads\/2021\/11\/JMM-au-parasol.jpg","width":226,"height":266},{"@type":"BreadcrumbList","@id":"https:\/\/tousalelysee.net\/index.php\/objectifs\/#breadcrumb","itemListElement":[{"@type":"ListItem","position":1,"name":"Accueil","item":"https:\/\/tousalelysee.net\/"},{"@type":"ListItem","position":2,"name":"Objectifs"}]},{"@type":"WebSite","@id":"https:\/\/tousalelysee.net\/#website","url":"https:\/\/tousalelysee.net\/","name":"Tous \u00e0 l'\u00c9lys\u00e9e","description":"Comit\u00e9 de soutien \u00e0 la candidature de Jean Marie Matagne","publisher":{"@id":"https:\/\/tousalelysee.net\/#\/schema\/person\/825a2edf2e31377a5d7011698950494c"},"potentialAction":[{"@type":"SearchAction","target":{"@type":"EntryPoint","urlTemplate":"https:\/\/tousalelysee.net\/?s={search_term_string}"},"query-input":{"@type":"PropertyValueSpecification","valueRequired":true,"valueName":"search_term_string"}}],"inLanguage":"en-US"},{"@type":["Person","Organization"],"@id":"https:\/\/tousalelysee.net\/#\/schema\/person\/825a2edf2e31377a5d7011698950494c","name":"Jean-Marie Matagne","image":{"@type":"ImageObject","inLanguage":"en-US","@id":"https:\/\/tousalelysee.net\/#\/schema\/person\/image\/","url":"https:\/\/secure.gravatar.com\/avatar\/ce7b23af69c7ad417200622d5999f588e50c14977aec8104613b9036a66a9eb5?s=96&d=mm&r=g","contentUrl":"https:\/\/secure.gravatar.com\/avatar\/ce7b23af69c7ad417200622d5999f588e50c14977aec8104613b9036a66a9eb5?s=96&d=mm&r=g","caption":"Jean-Marie Matagne"},"logo":{"@id":"https:\/\/tousalelysee.net\/#\/schema\/person\/image\/"}}]}},"_links":{"self":[{"href":"https:\/\/tousalelysee.net\/index.php\/wp-json\/wp\/v2\/pages\/47","targetHints":{"allow":["GET"]}}],"collection":[{"href":"https:\/\/tousalelysee.net\/index.php\/wp-json\/wp\/v2\/pages"}],"about":[{"href":"https:\/\/tousalelysee.net\/index.php\/wp-json\/wp\/v2\/types\/page"}],"author":[{"embeddable":true,"href":"https:\/\/tousalelysee.net\/index.php\/wp-json\/wp\/v2\/users\/1"}],"replies":[{"embeddable":true,"href":"https:\/\/tousalelysee.net\/index.php\/wp-json\/wp\/v2\/comments?post=47"}],"version-history":[{"count":8,"href":"https:\/\/tousalelysee.net\/index.php\/wp-json\/wp\/v2\/pages\/47\/revisions"}],"predecessor-version":[{"id":550,"href":"https:\/\/tousalelysee.net\/index.php\/wp-json\/wp\/v2\/pages\/47\/revisions\/550"}],"wp:featuredmedia":[{"embeddable":true,"href":"https:\/\/tousalelysee.net\/index.php\/wp-json\/wp\/v2\/media\/87"}],"wp:attachment":[{"href":"https:\/\/tousalelysee.net\/index.php\/wp-json\/wp\/v2\/media?parent=47"}],"curies":[{"name":"wp","href":"https:\/\/api.w.org\/{rel}","templated":true}]}}