{"id":188,"date":"2021-11-15T11:05:10","date_gmt":"2021-11-15T10:05:10","guid":{"rendered":"http:\/\/tousalelysee.net\/index.php\/forum\/"},"modified":"2021-11-15T11:05:10","modified_gmt":"2021-11-15T10:05:10","slug":"forum","status":"publish","type":"page","link":"https:\/\/tousalelysee.net\/index.php\/forum\/","title":{"rendered":"Forum"},"content":{"rendered":"<div id=\"af-wrapper\"><div id=\"forum-header\"><div id=\"forum-navigation-mobile\"><a><span class=\"fas fa-bars\"><\/span>Menu<\/a><\/div><span class=\"screen-reader-text\">Forum Navigation<\/span><div id=\"forum-navigation\"><a class=&quot;home-link&quot; href=\"https:\/\/tousalelysee.net\/index.php\/forum\" target=\"_self\">Forum<\/a><a class=&quot;members-link&quot; href=\"https:\/\/tousalelysee.net\/index.php\/forum\/members\/\" target=\"_self\">Members<\/a><a class=&quot;activity-link&quot; href=\"https:\/\/tousalelysee.net\/index.php\/forum\/activity\/\" target=\"_self\">Activity<\/a><a class=&quot;login-link&quot; href=\"https:\/\/tousalelysee.net\/wp-login.php?redirect_to=https%3A%2F%2Ftousalelysee.net%2Findex.php%2Fwp-json%2Fwp%2Fv2%2Fpages%2F188\" target=\"_self\">Login<\/a><a class=&quot;register-link&quot; href=\"https:\/\/tousalelysee.net\/wp-login.php?action=register\" target=\"_self\">Register<\/a><\/div><div id=\"forum-search\"><span class=\"search-icon fas fa-search\"><\/span><form method=\"get\" action=\"https:\/\/tousalelysee.net\/index.php\/forum\/search\/\"><input name=\"keywords\" type=\"search\" placeholder=\"Search ...\" value=\"\"><\/form><\/div><div class=\"clear\"><\/div><\/div><div id=\"forum-breadcrumbs\" itemscope itemtype=\"http:\/\/schema.org\/BreadcrumbList\"><span class=\"screen-reader-text\">Forum breadcrumbs - You are here:<\/span><span class=\"breadcrumb-icon fas fa-home\"><\/span><span itemprop=\"itemListElement\" itemscope itemtype=\"https:\/\/schema.org\/ListItem\"><a itemprop=\"item\" href=\"https:\/\/tousalelysee.net\/index.php\/forum\" title=\"Tous \u00e0 l&#039;Elysee\"><span itemprop=\"name\">Tous \u00e0 l&#039;Elysee<\/span><\/a><meta itemprop=\"position\" content=\"1\"><\/span><span class=\"breadcrumb-icon fas fa-chevron-right separator\"><\/span><\/div><h1 class=\"main-title main-title-\">Tous \u00e0 l&#039;Elysee<\/h1><div class=\"title-element\" id=\"forum-category-9\">Pour une France conviviale<span class=\"last-post-headline\">Last post<\/span><\/div><div class=\"content-container\"><div class=\"content-element forum\" id=\"forum-1\"><div class=\"forum-status unread\"><i class=\"fas fa-comments\"><\/i><\/div><div class=\"forum-name\"><a class=\"forum-title\" href=\"https:\/\/tousalelysee.net\/index.php\/forum\/forum\/premier-forum\/\">D\u00e9mocratique<\/a><small class=\"forum-description\">Espace de discussion<\/small><small class=\"forum-stats\">1 Topic&nbsp;&middot;&nbsp;1 Post<\/small><small class=\"forum-lastpost-small\">Last post:&nbsp;<a href=\"https:\/\/tousalelysee.net\/index.php\/forum\/topic\/democratique\/#postid-1\">D\u00e9mocratique<\/a>&nbsp;&middot;&nbsp;<a href=\"https:\/\/tousalelysee.net\/index.php\/forum\/topic\/democratique\/#postid-1\">4 years ago<\/a>&nbsp;&middot;&nbsp;<span class=\"highlight-admin\"><a class=\"profile-link\" href=\"https:\/\/tousalelysee.net\/index.php\/forum\/profile\/jean-marie-matagne\/\">Jean-Marie Matagne<\/a><\/span><\/small><\/div><div class=\"forum-poster\"><div class=\"forum-poster-avatar\"><img alt='' src='https:\/\/secure.gravatar.com\/avatar\/ce7b23af69c7ad417200622d5999f588e50c14977aec8104613b9036a66a9eb5?s=40&#038;d=mm&#038;r=g' srcset='https:\/\/secure.gravatar.com\/avatar\/ce7b23af69c7ad417200622d5999f588e50c14977aec8104613b9036a66a9eb5?s=80&#038;d=mm&#038;r=g 2x' class='avatar avatar-40 photo' height='40' width='40' \/><\/div><div class=\"forum-poster-summary\"><a href=\"https:\/\/tousalelysee.net\/index.php\/forum\/topic\/democratique\/#postid-1\">D\u00e9mocratique<\/a><br><small><a href=\"https:\/\/tousalelysee.net\/index.php\/forum\/topic\/democratique\/#postid-1\">4 years ago<\/a><span>&nbsp;&middot;&nbsp;<\/span><span class=\"highlight-admin\"><a class=\"profile-link\" href=\"https:\/\/tousalelysee.net\/index.php\/forum\/profile\/jean-marie-matagne\/\">Jean-Marie Matagne<\/a><\/span><\/small><\/div><\/div><\/div><div class=\"content-element forum\" id=\"forum-2\"><div class=\"forum-status unread\"><i class=\"fas fa-comments\"><\/i><\/div><div class=\"forum-name\"><a class=\"forum-title\" href=\"https:\/\/tousalelysee.net\/index.php\/forum\/forum\/sociale\/\">Sociale<\/a><small class=\"forum-description\">Espace de discussion<\/small><small class=\"forum-stats\">1 Topic&nbsp;&middot;&nbsp;1 Post<\/small><small class=\"forum-lastpost-small\">Last post:&nbsp;<a href=\"https:\/\/tousalelysee.net\/index.php\/forum\/topic\/sociale\/#postid-2\">Sociale<\/a>&nbsp;&middot;&nbsp;<a href=\"https:\/\/tousalelysee.net\/index.php\/forum\/topic\/sociale\/#postid-2\">4 years ago<\/a>&nbsp;&middot;&nbsp;<span class=\"highlight-admin\"><a class=\"profile-link\" href=\"https:\/\/tousalelysee.net\/index.php\/forum\/profile\/jean-marie-matagne\/\">Jean-Marie Matagne<\/a><\/span><\/small><\/div><div class=\"forum-poster\"><div class=\"forum-poster-avatar\"><img alt='' src='https:\/\/secure.gravatar.com\/avatar\/ce7b23af69c7ad417200622d5999f588e50c14977aec8104613b9036a66a9eb5?s=40&#038;d=mm&#038;r=g' srcset='https:\/\/secure.gravatar.com\/avatar\/ce7b23af69c7ad417200622d5999f588e50c14977aec8104613b9036a66a9eb5?s=80&#038;d=mm&#038;r=g 2x' class='avatar avatar-40 photo' height='40' width='40' \/><\/div><div class=\"forum-poster-summary\"><a href=\"https:\/\/tousalelysee.net\/index.php\/forum\/topic\/sociale\/#postid-2\">Sociale<\/a><br><small><a href=\"https:\/\/tousalelysee.net\/index.php\/forum\/topic\/sociale\/#postid-2\">4 years ago<\/a><span>&nbsp;&middot;&nbsp;<\/span><span class=\"highlight-admin\"><a class=\"profile-link\" href=\"https:\/\/tousalelysee.net\/index.php\/forum\/profile\/jean-marie-matagne\/\">Jean-Marie Matagne<\/a><\/span><\/small><\/div><\/div><\/div><div class=\"content-element forum\" id=\"forum-3\"><div class=\"forum-status unread\"><i class=\"fas fa-comments\"><\/i><\/div><div class=\"forum-name\"><a class=\"forum-title\" href=\"https:\/\/tousalelysee.net\/index.php\/forum\/forum\/ecologique\/\">Ecosolidaire<\/a><small class=\"forum-description\">Espace de discussion<\/small><small class=\"forum-stats\">1 Topic&nbsp;&middot;&nbsp;1 Post<\/small><small class=\"forum-lastpost-small\">Last post:&nbsp;<a href=\"https:\/\/tousalelysee.net\/index.php\/forum\/topic\/ecosolidaire\/#postid-3\">Ecosolidaire<\/a>&nbsp;&middot;&nbsp;<a href=\"https:\/\/tousalelysee.net\/index.php\/forum\/topic\/ecosolidaire\/#postid-3\">4 years ago<\/a>&nbsp;&middot;&nbsp;<span class=\"highlight-admin\"><a class=\"profile-link\" href=\"https:\/\/tousalelysee.net\/index.php\/forum\/profile\/jean-marie-matagne\/\">Jean-Marie Matagne<\/a><\/span><\/small><\/div><div class=\"forum-poster\"><div class=\"forum-poster-avatar\"><img alt='' src='https:\/\/secure.gravatar.com\/avatar\/ce7b23af69c7ad417200622d5999f588e50c14977aec8104613b9036a66a9eb5?s=40&#038;d=mm&#038;r=g' srcset='https:\/\/secure.gravatar.com\/avatar\/ce7b23af69c7ad417200622d5999f588e50c14977aec8104613b9036a66a9eb5?s=80&#038;d=mm&#038;r=g 2x' class='avatar avatar-40 photo' height='40' width='40' \/><\/div><div class=\"forum-poster-summary\"><a href=\"https:\/\/tousalelysee.net\/index.php\/forum\/topic\/ecosolidaire\/#postid-3\">Ecosolidaire<\/a><br><small><a href=\"https:\/\/tousalelysee.net\/index.php\/forum\/topic\/ecosolidaire\/#postid-3\">4 years ago<\/a><span>&nbsp;&middot;&nbsp;<\/span><span class=\"highlight-admin\"><a class=\"profile-link\" href=\"https:\/\/tousalelysee.net\/index.php\/forum\/profile\/jean-marie-matagne\/\">Jean-Marie Matagne<\/a><\/span><\/small><\/div><\/div><\/div><\/div><div class=\"title-element\" id=\"forum-category-10\">Dans un monde vivable<span class=\"last-post-headline\">Last post<\/span><\/div><div class=\"content-container\"><div class=\"content-element forum\" id=\"forum-6\"><div class=\"forum-status read\"><i class=\"fas fa-comments\"><\/i><\/div><div class=\"forum-name\"><a class=\"forum-title\" href=\"https:\/\/tousalelysee.net\/index.php\/forum\/forum\/decarbone\/\">D\u00e9carbon\u00e9<\/a><small class=\"forum-description\">Espace de discussion<\/small><small class=\"forum-stats\">0 Topics&nbsp;&middot;&nbsp;0 Posts<\/small><small class=\"forum-lastpost-small\"><small class=\"no-topics\">No topics yet!<\/small><\/small><\/div><div class=\"forum-poster\"><small class=\"no-topics\">No topics yet!<\/small><\/div><\/div><div class=\"content-element forum\" id=\"forum-4\"><div class=\"forum-status unread\"><i class=\"fas fa-comments\"><\/i><\/div><div class=\"forum-name\"><a class=\"forum-title\" href=\"https:\/\/tousalelysee.net\/index.php\/forum\/forum\/denuclearise\/\">D\u00e9nucl\u00e9aris\u00e9<\/a><small class=\"forum-description\">Espace de discussion<\/small><small class=\"forum-stats\">1 Topic&nbsp;&middot;&nbsp;1 Post<\/small><small class=\"forum-lastpost-small\">Last post:&nbsp;<a href=\"https:\/\/tousalelysee.net\/index.php\/forum\/topic\/civil-et-militaire-memes-degats-meme-combat\/#postid-4\">Civil et militaire, m\u00eames d\u00e9g\u00e2ts,  &#8230;<\/a>&nbsp;&middot;&nbsp;<a href=\"https:\/\/tousalelysee.net\/index.php\/forum\/topic\/civil-et-militaire-memes-degats-meme-combat\/#postid-4\">4 years ago<\/a>&nbsp;&middot;&nbsp;<span class=\"highlight-admin\"><a class=\"profile-link\" href=\"https:\/\/tousalelysee.net\/index.php\/forum\/profile\/jean-marie-matagne\/\">Jean-Marie Matagne<\/a><\/span><\/small><\/div><div class=\"forum-poster\"><div class=\"forum-poster-avatar\"><img alt='' src='https:\/\/secure.gravatar.com\/avatar\/ce7b23af69c7ad417200622d5999f588e50c14977aec8104613b9036a66a9eb5?s=40&#038;d=mm&#038;r=g' srcset='https:\/\/secure.gravatar.com\/avatar\/ce7b23af69c7ad417200622d5999f588e50c14977aec8104613b9036a66a9eb5?s=80&#038;d=mm&#038;r=g 2x' class='avatar avatar-40 photo' height='40' width='40' \/><\/div><div class=\"forum-poster-summary\"><a href=\"https:\/\/tousalelysee.net\/index.php\/forum\/topic\/civil-et-militaire-memes-degats-meme-combat\/#postid-4\">Civil et militaire, m\u00eames &#8230;<\/a><br><small><a href=\"https:\/\/tousalelysee.net\/index.php\/forum\/topic\/civil-et-militaire-memes-degats-meme-combat\/#postid-4\">4 years ago<\/a><span>&nbsp;&middot;&nbsp;<\/span><span class=\"highlight-admin\"><a class=\"profile-link\" href=\"https:\/\/tousalelysee.net\/index.php\/forum\/profile\/jean-marie-matagne\/\">Jean-Marie Matagne<\/a><\/span><\/small><\/div><\/div><\/div><div class=\"content-element forum\" id=\"forum-5\"><div class=\"forum-status read\"><i class=\"fas fa-comments\"><\/i><\/div><div class=\"forum-name\"><a class=\"forum-title\" href=\"https:\/\/tousalelysee.net\/index.php\/forum\/forum\/demilitarise\/\">D\u00e9militaris\u00e9<\/a><small class=\"forum-description\">Espace de discussion<\/small><small class=\"forum-stats\">0 Topics&nbsp;&middot;&nbsp;0 Posts<\/small><small class=\"forum-lastpost-small\"><small class=\"no-topics\">No topics yet!<\/small><\/small><\/div><div class=\"forum-poster\"><small class=\"no-topics\">No topics yet!<\/small><\/div><\/div><\/div><div id=\"read-unread\"><span class=\"indicator unread\"><\/span><span class=\"indicator-label\">New posts<\/span><span class=\"indicator read\"><\/span><span class=\"indicator-label\">Nothing new<\/span><span class=\"indicator-label\"><span class=\"fas fa-check\"><\/span><a href=\"https:\/\/tousalelysee.net\/index.php\/forum\/markallread\/\">Mark All Read<\/a><\/span><span class=\"indicator-label\"><span class=\"fas fa-history\"><\/span><a href=\"https:\/\/tousalelysee.net\/index.php\/forum\/unread\/\">Show Unread Topics<\/a><\/span><div class=\"clear\"><\/div><\/div><div id=\"statistics\"><div class=\"title-element title-element-dark\"><span class=\"title-element-icon fas fa-chart-pie\"><\/span>Statistics<\/div><div id=\"statistics-body\"><div id=\"statistics-elements\"><div class=\"statistics-element\"><div class=\"element-number\"><span class=\"statistics-element-icon far fa-comments\"><\/span>4<\/div><div class=\"element-name\">Topics<\/div><\/div><div class=\"statistics-element\"><div class=\"element-number\"><span class=\"statistics-element-icon far fa-comment\"><\/span>4<\/div><div class=\"element-name\">Posts<\/div><\/div><div class=\"statistics-element\"><div class=\"element-number\"><span class=\"statistics-element-icon far fa-eye\"><\/span>22<\/div><div class=\"element-name\">Views<\/div><\/div><div class=\"statistics-element\"><div class=\"element-number\"><span class=\"statistics-element-icon far fa-user\"><\/span>3<\/div><div class=\"element-name\">Users<\/div><\/div><div class=\"statistics-element\"><div class=\"element-number\"><span class=\"statistics-element-icon far fa-lightbulb\"><\/span>0<\/div><div class=\"element-name\">Online<\/div><\/div><\/div><div id=\"statistics-online-users\"><span class=\"online-users-icon fas fa-user\"><\/span>Newest Member:&nbsp;<i><span class=\"highlight-admin\"><a class=\"profile-link\" href=\"https:\/\/tousalelysee.net\/index.php\/forum\/profile\/julien\/\">Julien Bocenno<\/a><\/span><\/i>&nbsp;&middot;&nbsp;<span class=\"online-users-icon fas fa-users\"><\/span><i>Currently nobody is online.<\/i><\/div><\/div><div class=\"clear\"><\/div><\/div><div id=\"bottom-navigation\"><\/div><div class=\"clear\"><\/div><\/div>\n","protected":false},"excerpt":{"rendered":"","protected":false},"author":3,"featured_media":0,"parent":0,"menu_order":0,"comment_status":"closed","ping_status":"closed","template":"","meta":{"footnotes":""},"class_list":["post-188","page","type-page","status-publish","hentry"],"yoast_head":"<!-- This site is optimized with the Yoast SEO plugin v24.9 - https:\/\/yoast.com\/wordpress\/plugins\/seo\/ -->\n<title>Forum - Tous \u00e0 l&#039;\u00c9lys\u00e9e<\/title>\n<meta name=\"robots\" content=\"index, follow, max-snippet:-1, max-image-preview:large, max-video-preview:-1\" \/>\n<link rel=\"canonical\" href=\"https:\/\/tousalelysee.net\/index.php\/forum\/\" \/>\n<meta property=\"og:locale\" content=\"en_US\" \/>\n<meta property=\"og:type\" content=\"article\" \/>\n<meta property=\"og:title\" content=\"Forum - Tous \u00e0 l&#039;\u00c9lys\u00e9e\" \/>\n<meta property=\"og:url\" content=\"https:\/\/tousalelysee.net\/index.php\/forum\/\" \/>\n<meta property=\"og:site_name\" content=\"Tous \u00e0 l&#039;\u00c9lys\u00e9e\" \/>\n<meta name=\"twitter:card\" content=\"summary_large_image\" \/>\n<script type=\"application\/ld+json\" class=\"yoast-schema-graph\">{\"@context\":\"https:\/\/schema.org\",\"@graph\":[{\"@type\":\"WebPage\",\"@id\":\"https:\/\/tousalelysee.net\/index.php\/forum\/\",\"url\":\"https:\/\/tousalelysee.net\/index.php\/forum\/\",\"name\":\"Forum - Tous \u00e0 l&#039;\u00c9lys\u00e9e\",\"isPartOf\":{\"@id\":\"https:\/\/tousalelysee.net\/#website\"},\"datePublished\":\"2021-11-15T10:05:10+00:00\",\"breadcrumb\":{\"@id\":\"https:\/\/tousalelysee.net\/index.php\/forum\/#breadcrumb\"},\"inLanguage\":\"en-US\",\"potentialAction\":[{\"@type\":\"ReadAction\",\"target\":[\"https:\/\/tousalelysee.net\/index.php\/forum\/\"]}]},{\"@type\":\"BreadcrumbList\",\"@id\":\"https:\/\/tousalelysee.net\/index.php\/forum\/#breadcrumb\",\"itemListElement\":[{\"@type\":\"ListItem\",\"position\":1,\"name\":\"Accueil\",\"item\":\"https:\/\/tousalelysee.net\/\"},{\"@type\":\"ListItem\",\"position\":2,\"name\":\"Forum\"}]},{\"@type\":\"WebSite\",\"@id\":\"https:\/\/tousalelysee.net\/#website\",\"url\":\"https:\/\/tousalelysee.net\/\",\"name\":\"Tous \u00e0 l'\u00c9lys\u00e9e\",\"description\":\"Comit\u00e9 de soutien \u00e0 la candidature de Jean Marie Matagne\",\"publisher\":{\"@id\":\"https:\/\/tousalelysee.net\/#\/schema\/person\/825a2edf2e31377a5d7011698950494c\"},\"potentialAction\":[{\"@type\":\"SearchAction\",\"target\":{\"@type\":\"EntryPoint\",\"urlTemplate\":\"https:\/\/tousalelysee.net\/?s={search_term_string}\"},\"query-input\":{\"@type\":\"PropertyValueSpecification\",\"valueRequired\":true,\"valueName\":\"search_term_string\"}}],\"inLanguage\":\"en-US\"},{\"@type\":[\"Person\",\"Organization\"],\"@id\":\"https:\/\/tousalelysee.net\/#\/schema\/person\/825a2edf2e31377a5d7011698950494c\",\"name\":\"Jean-Marie Matagne\",\"image\":{\"@type\":\"ImageObject\",\"inLanguage\":\"en-US\",\"@id\":\"https:\/\/tousalelysee.net\/#\/schema\/person\/image\/\",\"url\":\"https:\/\/secure.gravatar.com\/avatar\/ce7b23af69c7ad417200622d5999f588e50c14977aec8104613b9036a66a9eb5?s=96&d=mm&r=g\",\"contentUrl\":\"https:\/\/secure.gravatar.com\/avatar\/ce7b23af69c7ad417200622d5999f588e50c14977aec8104613b9036a66a9eb5?s=96&d=mm&r=g\",\"caption\":\"Jean-Marie Matagne\"},\"logo\":{\"@id\":\"https:\/\/tousalelysee.net\/#\/schema\/person\/image\/\"}}]}<\/script>\n<!-- \/ Yoast SEO plugin. -->","yoast_head_json":{"title":"Forum - Tous \u00e0 l&#039;\u00c9lys\u00e9e","robots":{"index":"index","follow":"follow","max-snippet":"max-snippet:-1","max-image-preview":"max-image-preview:large","max-video-preview":"max-video-preview:-1"},"canonical":"https:\/\/tousalelysee.net\/index.php\/forum\/","og_locale":"en_US","og_type":"article","og_title":"Forum - Tous \u00e0 l&#039;\u00c9lys\u00e9e","og_url":"https:\/\/tousalelysee.net\/index.php\/forum\/","og_site_name":"Tous \u00e0 l&#039;\u00c9lys\u00e9e","twitter_card":"summary_large_image","schema":{"@context":"https:\/\/schema.org","@graph":[{"@type":"WebPage","@id":"https:\/\/tousalelysee.net\/index.php\/forum\/","url":"https:\/\/tousalelysee.net\/index.php\/forum\/","name":"Forum - Tous \u00e0 l&#039;\u00c9lys\u00e9e","isPartOf":{"@id":"https:\/\/tousalelysee.net\/#website"},"datePublished":"2021-11-15T10:05:10+00:00","breadcrumb":{"@id":"https:\/\/tousalelysee.net\/index.php\/forum\/#breadcrumb"},"inLanguage":"en-US","potentialAction":[{"@type":"ReadAction","target":["https:\/\/tousalelysee.net\/index.php\/forum\/"]}]},{"@type":"BreadcrumbList","@id":"https:\/\/tousalelysee.net\/index.php\/forum\/#breadcrumb","itemListElement":[{"@type":"ListItem","position":1,"name":"Accueil","item":"https:\/\/tousalelysee.net\/"},{"@type":"ListItem","position":2,"name":"Forum"}]},{"@type":"WebSite","@id":"https:\/\/tousalelysee.net\/#website","url":"https:\/\/tousalelysee.net\/","name":"Tous \u00e0 l'\u00c9lys\u00e9e","description":"Comit\u00e9 de soutien \u00e0 la candidature de Jean Marie Matagne","publisher":{"@id":"https:\/\/tousalelysee.net\/#\/schema\/person\/825a2edf2e31377a5d7011698950494c"},"potentialAction":[{"@type":"SearchAction","target":{"@type":"EntryPoint","urlTemplate":"https:\/\/tousalelysee.net\/?s={search_term_string}"},"query-input":{"@type":"PropertyValueSpecification","valueRequired":true,"valueName":"search_term_string"}}],"inLanguage":"en-US"},{"@type":["Person","Organization"],"@id":"https:\/\/tousalelysee.net\/#\/schema\/person\/825a2edf2e31377a5d7011698950494c","name":"Jean-Marie Matagne","image":{"@type":"ImageObject","inLanguage":"en-US","@id":"https:\/\/tousalelysee.net\/#\/schema\/person\/image\/","url":"https:\/\/secure.gravatar.com\/avatar\/ce7b23af69c7ad417200622d5999f588e50c14977aec8104613b9036a66a9eb5?s=96&d=mm&r=g","contentUrl":"https:\/\/secure.gravatar.com\/avatar\/ce7b23af69c7ad417200622d5999f588e50c14977aec8104613b9036a66a9eb5?s=96&d=mm&r=g","caption":"Jean-Marie Matagne"},"logo":{"@id":"https:\/\/tousalelysee.net\/#\/schema\/person\/image\/"}}]}},"_links":{"self":[{"href":"https:\/\/tousalelysee.net\/index.php\/wp-json\/wp\/v2\/pages\/188","targetHints":{"allow":["GET"]}}],"collection":[{"href":"https:\/\/tousalelysee.net\/index.php\/wp-json\/wp\/v2\/pages"}],"about":[{"href":"https:\/\/tousalelysee.net\/index.php\/wp-json\/wp\/v2\/types\/page"}],"author":[{"embeddable":true,"href":"https:\/\/tousalelysee.net\/index.php\/wp-json\/wp\/v2\/users\/3"}],"replies":[{"embeddable":true,"href":"https:\/\/tousalelysee.net\/index.php\/wp-json\/wp\/v2\/comments?post=188"}],"version-history":[{"count":0,"href":"https:\/\/tousalelysee.net\/index.php\/wp-json\/wp\/v2\/pages\/188\/revisions"}],"wp:attachment":[{"href":"https:\/\/tousalelysee.net\/index.php\/wp-json\/wp\/v2\/media?parent=188"}],"curies":[{"name":"wp","href":"https:\/\/api.w.org\/{rel}","templated":true}]}}