{"id":137,"date":"2021-11-11T14:47:03","date_gmt":"2021-11-11T13:47:03","guid":{"rendered":"http:\/\/tousalelysee.net\/?page_id=137"},"modified":"2021-11-11T16:03:26","modified_gmt":"2021-11-11T15:03:26","slug":"intervention-dacdn-a-lonu-a-propos-du-traite-dinterdiction-des-armes-nucleaires","status":"publish","type":"page","link":"https:\/\/tousalelysee.net\/index.php\/intervention-dacdn-a-lonu-a-propos-du-traite-dinterdiction-des-armes-nucleaires\/","title":{"rendered":"Intervention d\u2019ACDN \u00e0 l\u2019ONU \u00e0 propos du trait\u00e9 d\u2019interdiction des armes nucl\u00e9aires"},"content":{"rendered":"\n<figure class=\"wp-block-embed is-type-video is-provider-youtube wp-block-embed-youtube wp-embed-aspect-16-9 wp-has-aspect-ratio\"><div class=\"wp-block-embed__wrapper\">\n<iframe loading=\"lazy\" title=\"Intervention d\u2019ACDN \u00e0 l\u2019ONU \u00e0 propos du trait\u00e9 d\u2019interdiction des armes nucl\u00e9aires\" width=\"500\" height=\"281\" src=\"https:\/\/www.youtube.com\/embed\/rW7DJmG-tps?feature=oembed\" frameborder=\"0\" allow=\"accelerometer; autoplay; clipboard-write; encrypted-media; gyroscope; picture-in-picture; web-share\" referrerpolicy=\"strict-origin-when-cross-origin\" allowfullscreen><\/iframe>\n<\/div><\/figure>\n\n\n\n<p><\/p>\n\n\n\n<p><\/p>\n\n\n\n<p>Depuis sa fondation en 1996, ACDN fait partie du r\u00e9seau mondial &#8220;Abolition 2000&#8221; (cr\u00e9\u00e9 en 1995), qui revendique l&#8217;abolition des armes nucl\u00e9aires et la sortie du nucl\u00e9aire civil. Par ailleurs, d\u00e8s son lancement par des m\u00e9decins australiens en 2007, ACDN s&#8217;associe \u00e0 la Campagne Internationale pour Abolir les armes Nucl\u00e9aires (ICAN en anglais). <\/p>\n\n\n\n<p>Repr\u00e9sentant ACDN aux conf\u00e9rences d&#8217;examen quinquennales du TNP (Trait\u00e9 de Non-Prolif\u00e9ration nucl\u00e9aire) qui se tiennent \u00e0 New York, et \u00e0 ses Comit\u00e9s Pr\u00e9paratoires interm\u00e9diaires (Gen\u00e8ve, Vienne), Jean-Marie Matagne assiste \u00e9galement \u00e0 la 3e Conf\u00e9rence sur &#8220;l&#8217;impact humanitaire&#8221; des armes nucl\u00e9aires (Vienne, d\u00e9cembre 2014), puis aux quatre sessions (mai et ao\u00fbt 2016 \u00e0 Gen\u00e8ve, mars et juin-juillet 2017 \u00e0 New York) du processus ayant abouti \u00e0 l&#8217;adoption du TIAN (Trait\u00e9 d&#8217;Interdiction des Armes Nucl\u00e9aires) le 7 juillet 2017.<\/p>\n\n\n\n<p>Lors de la 3e session, le 30 mars 2017, il doit intervenir au nom d&#8217;ACDN et du r\u00e9seau &#8220;Sortir du nucl\u00e9aire&#8221;. Il s&#8217;est inscrit la veille sur la liste des orateurs, la pr\u00e9sidente de la conf\u00e9rence de n\u00e9gociations du trait\u00e9 ayant offert une journ\u00e9e de libres d\u00e9bats \u00e0 tous les participants, qu&#8217;ils repr\u00e9sentent des Etats ou des ONG. Au dernier moment, les gestionnaires de la &#8220;soci\u00e9t\u00e9 civile&#8221; lui refusent l&#8217;acc\u00e8s \u00e0 une table avec micro, en pr\u00e9textant qu&#8217;ils ne veulent entendre parler ni de r\u00e9f\u00e9rendum, ni de nucl\u00e9aire civil. Lorsque  l&#8217;ambassadeur d&#8217;Autriche, vice-pr\u00e9sident de la Conf\u00e9rence et pr\u00e9sident de s\u00e9ance, l&#8217;appelle au micro, Jean-Marie Matagne est oblig\u00e9 d&#8217;accourir du fond de la salle et de signaler qu&#8217;il ne dispose d&#8217;aucun micro. L&#8217;ambassadeur du Chili lui offre alors aimablement de s&#8217;asseoir \u00e0 sa place et d&#8217;utiliser son micro. Dans ces conditions perturbantes, Jean-Marie Matagne improvise une intervention sans notes o\u00f9 il passe d&#8217;une langue \u00e0 l&#8217;autre mais parvient \u00e0 dire ce qu&#8217;il voulait. <\/p>\n\n\n\n<p><\/p>\n\n\n\n<p><\/p>\n","protected":false},"excerpt":{"rendered":"<p>Depuis sa fondation en 1996, ACDN fait partie du r\u00e9seau mondial &#8220;Abolition 2000&#8221; (cr\u00e9\u00e9 en 1995), qui revendique l&#8217;abolition des armes nucl\u00e9aires et la sortie du nucl\u00e9aire civil. Par ailleurs, d\u00e8s son lancement par des m\u00e9decins australiens en 2007, ACDN s&#8217;associe \u00e0 la Campagne Internationale pour Abolir les armes Nucl\u00e9aires (ICAN en anglais). Repr\u00e9sentant ACDN [&hellip;]<\/p>\n","protected":false},"author":3,"featured_media":0,"parent":0,"menu_order":0,"comment_status":"closed","ping_status":"closed","template":"","meta":{"footnotes":""},"class_list":["post-137","page","type-page","status-publish","hentry"],"yoast_head":"<!-- This site is optimized with the Yoast SEO plugin v24.9 - https:\/\/yoast.com\/wordpress\/plugins\/seo\/ -->\n<title>Intervention d\u2019ACDN \u00e0 l\u2019ONU \u00e0 propos du trait\u00e9 d\u2019interdiction des armes nucl\u00e9aires - Tous \u00e0 l&#039;\u00c9lys\u00e9e<\/title>\n<meta name=\"robots\" content=\"index, follow, max-snippet:-1, max-image-preview:large, max-video-preview:-1\" \/>\n<link rel=\"canonical\" href=\"https:\/\/tousalelysee.net\/index.php\/intervention-dacdn-a-lonu-a-propos-du-traite-dinterdiction-des-armes-nucleaires\/\" \/>\n<meta property=\"og:locale\" content=\"en_US\" \/>\n<meta property=\"og:type\" content=\"article\" \/>\n<meta property=\"og:title\" content=\"Intervention d\u2019ACDN \u00e0 l\u2019ONU \u00e0 propos du trait\u00e9 d\u2019interdiction des armes nucl\u00e9aires - Tous \u00e0 l&#039;\u00c9lys\u00e9e\" \/>\n<meta property=\"og:description\" content=\"Depuis sa fondation en 1996, ACDN fait partie du r\u00e9seau mondial &#8220;Abolition 2000&#8221; (cr\u00e9\u00e9 en 1995), qui revendique l&#8217;abolition des armes nucl\u00e9aires et la sortie du nucl\u00e9aire civil. Par ailleurs, d\u00e8s son lancement par des m\u00e9decins australiens en 2007, ACDN s&#8217;associe \u00e0 la Campagne Internationale pour Abolir les armes Nucl\u00e9aires (ICAN en anglais). Repr\u00e9sentant ACDN [&hellip;]\" \/>\n<meta property=\"og:url\" content=\"https:\/\/tousalelysee.net\/index.php\/intervention-dacdn-a-lonu-a-propos-du-traite-dinterdiction-des-armes-nucleaires\/\" \/>\n<meta property=\"og:site_name\" content=\"Tous \u00e0 l&#039;\u00c9lys\u00e9e\" \/>\n<meta property=\"article:modified_time\" content=\"2021-11-11T15:03:26+00:00\" \/>\n<meta name=\"twitter:card\" content=\"summary_large_image\" \/>\n<meta name=\"twitter:label1\" content=\"Est. reading time\" \/>\n\t<meta name=\"twitter:data1\" content=\"2 minutes\" \/>\n<script type=\"application\/ld+json\" class=\"yoast-schema-graph\">{\"@context\":\"https:\/\/schema.org\",\"@graph\":[{\"@type\":\"WebPage\",\"@id\":\"https:\/\/tousalelysee.net\/index.php\/intervention-dacdn-a-lonu-a-propos-du-traite-dinterdiction-des-armes-nucleaires\/\",\"url\":\"https:\/\/tousalelysee.net\/index.php\/intervention-dacdn-a-lonu-a-propos-du-traite-dinterdiction-des-armes-nucleaires\/\",\"name\":\"Intervention d\u2019ACDN \u00e0 l\u2019ONU \u00e0 propos du trait\u00e9 d\u2019interdiction des armes nucl\u00e9aires - Tous \u00e0 l&#039;\u00c9lys\u00e9e\",\"isPartOf\":{\"@id\":\"https:\/\/tousalelysee.net\/#website\"},\"datePublished\":\"2021-11-11T13:47:03+00:00\",\"dateModified\":\"2021-11-11T15:03:26+00:00\",\"breadcrumb\":{\"@id\":\"https:\/\/tousalelysee.net\/index.php\/intervention-dacdn-a-lonu-a-propos-du-traite-dinterdiction-des-armes-nucleaires\/#breadcrumb\"},\"inLanguage\":\"en-US\",\"potentialAction\":[{\"@type\":\"ReadAction\",\"target\":[\"https:\/\/tousalelysee.net\/index.php\/intervention-dacdn-a-lonu-a-propos-du-traite-dinterdiction-des-armes-nucleaires\/\"]}]},{\"@type\":\"BreadcrumbList\",\"@id\":\"https:\/\/tousalelysee.net\/index.php\/intervention-dacdn-a-lonu-a-propos-du-traite-dinterdiction-des-armes-nucleaires\/#breadcrumb\",\"itemListElement\":[{\"@type\":\"ListItem\",\"position\":1,\"name\":\"Accueil\",\"item\":\"https:\/\/tousalelysee.net\/\"},{\"@type\":\"ListItem\",\"position\":2,\"name\":\"Intervention d\u2019ACDN \u00e0 l\u2019ONU \u00e0 propos du trait\u00e9 d\u2019interdiction des armes nucl\u00e9aires\"}]},{\"@type\":\"WebSite\",\"@id\":\"https:\/\/tousalelysee.net\/#website\",\"url\":\"https:\/\/tousalelysee.net\/\",\"name\":\"Tous \u00e0 l'\u00c9lys\u00e9e\",\"description\":\"Comit\u00e9 de soutien \u00e0 la candidature de Jean Marie Matagne\",\"publisher\":{\"@id\":\"https:\/\/tousalelysee.net\/#\/schema\/person\/825a2edf2e31377a5d7011698950494c\"},\"potentialAction\":[{\"@type\":\"SearchAction\",\"target\":{\"@type\":\"EntryPoint\",\"urlTemplate\":\"https:\/\/tousalelysee.net\/?s={search_term_string}\"},\"query-input\":{\"@type\":\"PropertyValueSpecification\",\"valueRequired\":true,\"valueName\":\"search_term_string\"}}],\"inLanguage\":\"en-US\"},{\"@type\":[\"Person\",\"Organization\"],\"@id\":\"https:\/\/tousalelysee.net\/#\/schema\/person\/825a2edf2e31377a5d7011698950494c\",\"name\":\"Jean-Marie Matagne\",\"image\":{\"@type\":\"ImageObject\",\"inLanguage\":\"en-US\",\"@id\":\"https:\/\/tousalelysee.net\/#\/schema\/person\/image\/\",\"url\":\"https:\/\/secure.gravatar.com\/avatar\/ce7b23af69c7ad417200622d5999f588e50c14977aec8104613b9036a66a9eb5?s=96&d=mm&r=g\",\"contentUrl\":\"https:\/\/secure.gravatar.com\/avatar\/ce7b23af69c7ad417200622d5999f588e50c14977aec8104613b9036a66a9eb5?s=96&d=mm&r=g\",\"caption\":\"Jean-Marie Matagne\"},\"logo\":{\"@id\":\"https:\/\/tousalelysee.net\/#\/schema\/person\/image\/\"}}]}<\/script>\n<!-- \/ Yoast SEO plugin. -->","yoast_head_json":{"title":"Intervention d\u2019ACDN \u00e0 l\u2019ONU \u00e0 propos du trait\u00e9 d\u2019interdiction des armes nucl\u00e9aires - Tous \u00e0 l&#039;\u00c9lys\u00e9e","robots":{"index":"index","follow":"follow","max-snippet":"max-snippet:-1","max-image-preview":"max-image-preview:large","max-video-preview":"max-video-preview:-1"},"canonical":"https:\/\/tousalelysee.net\/index.php\/intervention-dacdn-a-lonu-a-propos-du-traite-dinterdiction-des-armes-nucleaires\/","og_locale":"en_US","og_type":"article","og_title":"Intervention d\u2019ACDN \u00e0 l\u2019ONU \u00e0 propos du trait\u00e9 d\u2019interdiction des armes nucl\u00e9aires - Tous \u00e0 l&#039;\u00c9lys\u00e9e","og_description":"Depuis sa fondation en 1996, ACDN fait partie du r\u00e9seau mondial &#8220;Abolition 2000&#8221; (cr\u00e9\u00e9 en 1995), qui revendique l&#8217;abolition des armes nucl\u00e9aires et la sortie du nucl\u00e9aire civil. Par ailleurs, d\u00e8s son lancement par des m\u00e9decins australiens en 2007, ACDN s&#8217;associe \u00e0 la Campagne Internationale pour Abolir les armes Nucl\u00e9aires (ICAN en anglais). Repr\u00e9sentant ACDN [&hellip;]","og_url":"https:\/\/tousalelysee.net\/index.php\/intervention-dacdn-a-lonu-a-propos-du-traite-dinterdiction-des-armes-nucleaires\/","og_site_name":"Tous \u00e0 l&#039;\u00c9lys\u00e9e","article_modified_time":"2021-11-11T15:03:26+00:00","twitter_card":"summary_large_image","twitter_misc":{"Est. reading time":"2 minutes"},"schema":{"@context":"https:\/\/schema.org","@graph":[{"@type":"WebPage","@id":"https:\/\/tousalelysee.net\/index.php\/intervention-dacdn-a-lonu-a-propos-du-traite-dinterdiction-des-armes-nucleaires\/","url":"https:\/\/tousalelysee.net\/index.php\/intervention-dacdn-a-lonu-a-propos-du-traite-dinterdiction-des-armes-nucleaires\/","name":"Intervention d\u2019ACDN \u00e0 l\u2019ONU \u00e0 propos du trait\u00e9 d\u2019interdiction des armes nucl\u00e9aires - Tous \u00e0 l&#039;\u00c9lys\u00e9e","isPartOf":{"@id":"https:\/\/tousalelysee.net\/#website"},"datePublished":"2021-11-11T13:47:03+00:00","dateModified":"2021-11-11T15:03:26+00:00","breadcrumb":{"@id":"https:\/\/tousalelysee.net\/index.php\/intervention-dacdn-a-lonu-a-propos-du-traite-dinterdiction-des-armes-nucleaires\/#breadcrumb"},"inLanguage":"en-US","potentialAction":[{"@type":"ReadAction","target":["https:\/\/tousalelysee.net\/index.php\/intervention-dacdn-a-lonu-a-propos-du-traite-dinterdiction-des-armes-nucleaires\/"]}]},{"@type":"BreadcrumbList","@id":"https:\/\/tousalelysee.net\/index.php\/intervention-dacdn-a-lonu-a-propos-du-traite-dinterdiction-des-armes-nucleaires\/#breadcrumb","itemListElement":[{"@type":"ListItem","position":1,"name":"Accueil","item":"https:\/\/tousalelysee.net\/"},{"@type":"ListItem","position":2,"name":"Intervention d\u2019ACDN \u00e0 l\u2019ONU \u00e0 propos du trait\u00e9 d\u2019interdiction des armes nucl\u00e9aires"}]},{"@type":"WebSite","@id":"https:\/\/tousalelysee.net\/#website","url":"https:\/\/tousalelysee.net\/","name":"Tous \u00e0 l'\u00c9lys\u00e9e","description":"Comit\u00e9 de soutien \u00e0 la candidature de Jean Marie Matagne","publisher":{"@id":"https:\/\/tousalelysee.net\/#\/schema\/person\/825a2edf2e31377a5d7011698950494c"},"potentialAction":[{"@type":"SearchAction","target":{"@type":"EntryPoint","urlTemplate":"https:\/\/tousalelysee.net\/?s={search_term_string}"},"query-input":{"@type":"PropertyValueSpecification","valueRequired":true,"valueName":"search_term_string"}}],"inLanguage":"en-US"},{"@type":["Person","Organization"],"@id":"https:\/\/tousalelysee.net\/#\/schema\/person\/825a2edf2e31377a5d7011698950494c","name":"Jean-Marie Matagne","image":{"@type":"ImageObject","inLanguage":"en-US","@id":"https:\/\/tousalelysee.net\/#\/schema\/person\/image\/","url":"https:\/\/secure.gravatar.com\/avatar\/ce7b23af69c7ad417200622d5999f588e50c14977aec8104613b9036a66a9eb5?s=96&d=mm&r=g","contentUrl":"https:\/\/secure.gravatar.com\/avatar\/ce7b23af69c7ad417200622d5999f588e50c14977aec8104613b9036a66a9eb5?s=96&d=mm&r=g","caption":"Jean-Marie Matagne"},"logo":{"@id":"https:\/\/tousalelysee.net\/#\/schema\/person\/image\/"}}]}},"_links":{"self":[{"href":"https:\/\/tousalelysee.net\/index.php\/wp-json\/wp\/v2\/pages\/137","targetHints":{"allow":["GET"]}}],"collection":[{"href":"https:\/\/tousalelysee.net\/index.php\/wp-json\/wp\/v2\/pages"}],"about":[{"href":"https:\/\/tousalelysee.net\/index.php\/wp-json\/wp\/v2\/types\/page"}],"author":[{"embeddable":true,"href":"https:\/\/tousalelysee.net\/index.php\/wp-json\/wp\/v2\/users\/3"}],"replies":[{"embeddable":true,"href":"https:\/\/tousalelysee.net\/index.php\/wp-json\/wp\/v2\/comments?post=137"}],"version-history":[{"count":2,"href":"https:\/\/tousalelysee.net\/index.php\/wp-json\/wp\/v2\/pages\/137\/revisions"}],"predecessor-version":[{"id":165,"href":"https:\/\/tousalelysee.net\/index.php\/wp-json\/wp\/v2\/pages\/137\/revisions\/165"}],"wp:attachment":[{"href":"https:\/\/tousalelysee.net\/index.php\/wp-json\/wp\/v2\/media?parent=137"}],"curies":[{"name":"wp","href":"https:\/\/api.w.org\/{rel}","templated":true}]}}