{"id":129,"date":"2021-11-11T14:36:40","date_gmt":"2021-11-11T13:36:40","guid":{"rendered":"http:\/\/tousalelysee.net\/?page_id=129"},"modified":"2021-11-11T14:36:41","modified_gmt":"2021-11-11T13:36:41","slug":"portrait-de-saintais-jean-marie-matagne","status":"publish","type":"page","link":"https:\/\/tousalelysee.net\/index.php\/portrait-de-saintais-jean-marie-matagne\/","title":{"rendered":"Portrait de Saintais : Jean-Marie Matagne"},"content":{"rendered":"\n<h2 class=\"wp-block-heading\"><\/h2>\n\n\n\n<figure class=\"wp-block-embed is-type-video is-provider-youtube wp-block-embed-youtube wp-embed-aspect-4-3 wp-has-aspect-ratio\"><div class=\"wp-block-embed__wrapper\">\n<iframe loading=\"lazy\" title=\"Portrait de saintais : Jean Marie  Matagne association Acdn\" width=\"500\" height=\"375\" src=\"https:\/\/www.youtube.com\/embed\/YkIQe1x6CqQ?feature=oembed\" frameborder=\"0\" allow=\"accelerometer; autoplay; clipboard-write; encrypted-media; gyroscope; picture-in-picture; web-share\" referrerpolicy=\"strict-origin-when-cross-origin\" allowfullscreen><\/iframe>\n<\/div><\/figure>\n\n\n\n<figure class=\"wp-block-embed is-type-video is-provider-youtube wp-block-embed-youtube wp-embed-aspect-4-3 wp-has-aspect-ratio\"><div class=\"wp-block-embed__wrapper\">\n<iframe loading=\"lazy\" title=\"Portrait de saintais : Jean Marie  Matagne 2\u00e8me partie\" width=\"500\" height=\"375\" src=\"https:\/\/www.youtube.com\/embed\/g7lFmduYRD4?feature=oembed\" frameborder=\"0\" allow=\"accelerometer; autoplay; clipboard-write; encrypted-media; gyroscope; picture-in-picture; web-share\" referrerpolicy=\"strict-origin-when-cross-origin\" allowfullscreen><\/iframe>\n<\/div><\/figure>\n\n\n\n<figure class=\"wp-block-embed is-type-video is-provider-youtube wp-block-embed-youtube wp-embed-aspect-4-3 wp-has-aspect-ratio\"><div class=\"wp-block-embed__wrapper\">\n<iframe loading=\"lazy\" title=\"Portrait de saintais : Jean Marie  Matagne 3\u00e8me partie\" width=\"500\" height=\"375\" src=\"https:\/\/www.youtube.com\/embed\/CwVkI0EUfj0?feature=oembed\" frameborder=\"0\" allow=\"accelerometer; autoplay; clipboard-write; encrypted-media; gyroscope; picture-in-picture; web-share\" referrerpolicy=\"strict-origin-when-cross-origin\" allowfullscreen><\/iframe>\n<\/div><\/figure>\n\n\n\n<figure class=\"wp-block-embed is-type-video is-provider-youtube wp-block-embed-youtube wp-embed-aspect-4-3 wp-has-aspect-ratio\"><div class=\"wp-block-embed__wrapper\">\n<iframe loading=\"lazy\" title=\"Portrait de saintais : Jean Marie  Matagne 4\u00e8me partie\" width=\"500\" height=\"375\" src=\"https:\/\/www.youtube.com\/embed\/l7u_y7cPRdE?feature=oembed\" frameborder=\"0\" allow=\"accelerometer; autoplay; clipboard-write; encrypted-media; gyroscope; picture-in-picture; web-share\" referrerpolicy=\"strict-origin-when-cross-origin\" allowfullscreen><\/iframe>\n<\/div><\/figure>\n","protected":false},"excerpt":{"rendered":"","protected":false},"author":3,"featured_media":0,"parent":0,"menu_order":0,"comment_status":"closed","ping_status":"closed","template":"","meta":{"footnotes":""},"class_list":["post-129","page","type-page","status-publish","hentry"],"yoast_head":"<!-- This site is optimized with the Yoast SEO plugin v24.9 - https:\/\/yoast.com\/wordpress\/plugins\/seo\/ -->\n<title>Portrait de Saintais : Jean-Marie Matagne - Tous \u00e0 l&#039;\u00c9lys\u00e9e<\/title>\n<meta name=\"robots\" content=\"index, follow, max-snippet:-1, max-image-preview:large, max-video-preview:-1\" \/>\n<link rel=\"canonical\" href=\"https:\/\/tousalelysee.net\/index.php\/portrait-de-saintais-jean-marie-matagne\/\" \/>\n<meta property=\"og:locale\" content=\"en_US\" \/>\n<meta property=\"og:type\" content=\"article\" \/>\n<meta property=\"og:title\" content=\"Portrait de Saintais : Jean-Marie Matagne - Tous \u00e0 l&#039;\u00c9lys\u00e9e\" \/>\n<meta property=\"og:url\" content=\"https:\/\/tousalelysee.net\/index.php\/portrait-de-saintais-jean-marie-matagne\/\" \/>\n<meta property=\"og:site_name\" content=\"Tous \u00e0 l&#039;\u00c9lys\u00e9e\" \/>\n<meta property=\"article:modified_time\" content=\"2021-11-11T13:36:41+00:00\" \/>\n<meta name=\"twitter:card\" content=\"summary_large_image\" \/>\n<meta name=\"twitter:label1\" content=\"Est. reading time\" \/>\n\t<meta name=\"twitter:data1\" content=\"1 minute\" \/>\n<script type=\"application\/ld+json\" class=\"yoast-schema-graph\">{\"@context\":\"https:\/\/schema.org\",\"@graph\":[{\"@type\":\"WebPage\",\"@id\":\"https:\/\/tousalelysee.net\/index.php\/portrait-de-saintais-jean-marie-matagne\/\",\"url\":\"https:\/\/tousalelysee.net\/index.php\/portrait-de-saintais-jean-marie-matagne\/\",\"name\":\"Portrait de Saintais : Jean-Marie Matagne - Tous \u00e0 l&#039;\u00c9lys\u00e9e\",\"isPartOf\":{\"@id\":\"https:\/\/tousalelysee.net\/#website\"},\"datePublished\":\"2021-11-11T13:36:40+00:00\",\"dateModified\":\"2021-11-11T13:36:41+00:00\",\"breadcrumb\":{\"@id\":\"https:\/\/tousalelysee.net\/index.php\/portrait-de-saintais-jean-marie-matagne\/#breadcrumb\"},\"inLanguage\":\"en-US\",\"potentialAction\":[{\"@type\":\"ReadAction\",\"target\":[\"https:\/\/tousalelysee.net\/index.php\/portrait-de-saintais-jean-marie-matagne\/\"]}]},{\"@type\":\"BreadcrumbList\",\"@id\":\"https:\/\/tousalelysee.net\/index.php\/portrait-de-saintais-jean-marie-matagne\/#breadcrumb\",\"itemListElement\":[{\"@type\":\"ListItem\",\"position\":1,\"name\":\"Accueil\",\"item\":\"https:\/\/tousalelysee.net\/\"},{\"@type\":\"ListItem\",\"position\":2,\"name\":\"Portrait de Saintais : Jean-Marie Matagne\"}]},{\"@type\":\"WebSite\",\"@id\":\"https:\/\/tousalelysee.net\/#website\",\"url\":\"https:\/\/tousalelysee.net\/\",\"name\":\"Tous \u00e0 l'\u00c9lys\u00e9e\",\"description\":\"Comit\u00e9 de soutien \u00e0 la candidature de Jean Marie Matagne\",\"publisher\":{\"@id\":\"https:\/\/tousalelysee.net\/#\/schema\/person\/825a2edf2e31377a5d7011698950494c\"},\"potentialAction\":[{\"@type\":\"SearchAction\",\"target\":{\"@type\":\"EntryPoint\",\"urlTemplate\":\"https:\/\/tousalelysee.net\/?s={search_term_string}\"},\"query-input\":{\"@type\":\"PropertyValueSpecification\",\"valueRequired\":true,\"valueName\":\"search_term_string\"}}],\"inLanguage\":\"en-US\"},{\"@type\":[\"Person\",\"Organization\"],\"@id\":\"https:\/\/tousalelysee.net\/#\/schema\/person\/825a2edf2e31377a5d7011698950494c\",\"name\":\"Jean-Marie Matagne\",\"image\":{\"@type\":\"ImageObject\",\"inLanguage\":\"en-US\",\"@id\":\"https:\/\/tousalelysee.net\/#\/schema\/person\/image\/\",\"url\":\"https:\/\/secure.gravatar.com\/avatar\/ce7b23af69c7ad417200622d5999f588e50c14977aec8104613b9036a66a9eb5?s=96&d=mm&r=g\",\"contentUrl\":\"https:\/\/secure.gravatar.com\/avatar\/ce7b23af69c7ad417200622d5999f588e50c14977aec8104613b9036a66a9eb5?s=96&d=mm&r=g\",\"caption\":\"Jean-Marie Matagne\"},\"logo\":{\"@id\":\"https:\/\/tousalelysee.net\/#\/schema\/person\/image\/\"}}]}<\/script>\n<!-- \/ Yoast SEO plugin. -->","yoast_head_json":{"title":"Portrait de Saintais : Jean-Marie Matagne - Tous \u00e0 l&#039;\u00c9lys\u00e9e","robots":{"index":"index","follow":"follow","max-snippet":"max-snippet:-1","max-image-preview":"max-image-preview:large","max-video-preview":"max-video-preview:-1"},"canonical":"https:\/\/tousalelysee.net\/index.php\/portrait-de-saintais-jean-marie-matagne\/","og_locale":"en_US","og_type":"article","og_title":"Portrait de Saintais : Jean-Marie Matagne - Tous \u00e0 l&#039;\u00c9lys\u00e9e","og_url":"https:\/\/tousalelysee.net\/index.php\/portrait-de-saintais-jean-marie-matagne\/","og_site_name":"Tous \u00e0 l&#039;\u00c9lys\u00e9e","article_modified_time":"2021-11-11T13:36:41+00:00","twitter_card":"summary_large_image","twitter_misc":{"Est. reading time":"1 minute"},"schema":{"@context":"https:\/\/schema.org","@graph":[{"@type":"WebPage","@id":"https:\/\/tousalelysee.net\/index.php\/portrait-de-saintais-jean-marie-matagne\/","url":"https:\/\/tousalelysee.net\/index.php\/portrait-de-saintais-jean-marie-matagne\/","name":"Portrait de Saintais : Jean-Marie Matagne - Tous \u00e0 l&#039;\u00c9lys\u00e9e","isPartOf":{"@id":"https:\/\/tousalelysee.net\/#website"},"datePublished":"2021-11-11T13:36:40+00:00","dateModified":"2021-11-11T13:36:41+00:00","breadcrumb":{"@id":"https:\/\/tousalelysee.net\/index.php\/portrait-de-saintais-jean-marie-matagne\/#breadcrumb"},"inLanguage":"en-US","potentialAction":[{"@type":"ReadAction","target":["https:\/\/tousalelysee.net\/index.php\/portrait-de-saintais-jean-marie-matagne\/"]}]},{"@type":"BreadcrumbList","@id":"https:\/\/tousalelysee.net\/index.php\/portrait-de-saintais-jean-marie-matagne\/#breadcrumb","itemListElement":[{"@type":"ListItem","position":1,"name":"Accueil","item":"https:\/\/tousalelysee.net\/"},{"@type":"ListItem","position":2,"name":"Portrait de Saintais : Jean-Marie Matagne"}]},{"@type":"WebSite","@id":"https:\/\/tousalelysee.net\/#website","url":"https:\/\/tousalelysee.net\/","name":"Tous \u00e0 l'\u00c9lys\u00e9e","description":"Comit\u00e9 de soutien \u00e0 la candidature de Jean Marie Matagne","publisher":{"@id":"https:\/\/tousalelysee.net\/#\/schema\/person\/825a2edf2e31377a5d7011698950494c"},"potentialAction":[{"@type":"SearchAction","target":{"@type":"EntryPoint","urlTemplate":"https:\/\/tousalelysee.net\/?s={search_term_string}"},"query-input":{"@type":"PropertyValueSpecification","valueRequired":true,"valueName":"search_term_string"}}],"inLanguage":"en-US"},{"@type":["Person","Organization"],"@id":"https:\/\/tousalelysee.net\/#\/schema\/person\/825a2edf2e31377a5d7011698950494c","name":"Jean-Marie Matagne","image":{"@type":"ImageObject","inLanguage":"en-US","@id":"https:\/\/tousalelysee.net\/#\/schema\/person\/image\/","url":"https:\/\/secure.gravatar.com\/avatar\/ce7b23af69c7ad417200622d5999f588e50c14977aec8104613b9036a66a9eb5?s=96&d=mm&r=g","contentUrl":"https:\/\/secure.gravatar.com\/avatar\/ce7b23af69c7ad417200622d5999f588e50c14977aec8104613b9036a66a9eb5?s=96&d=mm&r=g","caption":"Jean-Marie Matagne"},"logo":{"@id":"https:\/\/tousalelysee.net\/#\/schema\/person\/image\/"}}]}},"_links":{"self":[{"href":"https:\/\/tousalelysee.net\/index.php\/wp-json\/wp\/v2\/pages\/129","targetHints":{"allow":["GET"]}}],"collection":[{"href":"https:\/\/tousalelysee.net\/index.php\/wp-json\/wp\/v2\/pages"}],"about":[{"href":"https:\/\/tousalelysee.net\/index.php\/wp-json\/wp\/v2\/types\/page"}],"author":[{"embeddable":true,"href":"https:\/\/tousalelysee.net\/index.php\/wp-json\/wp\/v2\/users\/3"}],"replies":[{"embeddable":true,"href":"https:\/\/tousalelysee.net\/index.php\/wp-json\/wp\/v2\/comments?post=129"}],"version-history":[{"count":1,"href":"https:\/\/tousalelysee.net\/index.php\/wp-json\/wp\/v2\/pages\/129\/revisions"}],"predecessor-version":[{"id":130,"href":"https:\/\/tousalelysee.net\/index.php\/wp-json\/wp\/v2\/pages\/129\/revisions\/130"}],"wp:attachment":[{"href":"https:\/\/tousalelysee.net\/index.php\/wp-json\/wp\/v2\/media?parent=129"}],"curies":[{"name":"wp","href":"https:\/\/api.w.org\/{rel}","templated":true}]}}