{"id":119,"date":"2021-11-10T11:27:57","date_gmt":"2021-11-10T10:27:57","guid":{"rendered":"http:\/\/tousalelysee.net\/?page_id=119"},"modified":"2021-11-11T16:37:13","modified_gmt":"2021-11-11T15:37:13","slug":"videos","status":"publish","type":"page","link":"https:\/\/tousalelysee.net\/index.php\/videos\/","title":{"rendered":"Vid\u00e9os"},"content":{"rendered":"\n<div class=\"wp-block-columns is-layout-flex wp-container-core-columns-is-layout-9d6595d7 wp-block-columns-is-layout-flex\">\n<div class=\"wp-block-column is-layout-flow wp-block-column-is-layout-flow\" style=\"flex-basis:100%\">\n<ul class=\"wp-block-list\"><li><strong><a href=\"https:\/\/tousalelysee.net\/index.php\/festival-desarmer-pour-vivre\/\">Festival D\u00e9sarmer pour vivre. 6\/9 Ao\u00fbt 2021.<\/a><\/strong><\/li><\/ul>\n\n\n\n<ul class=\"wp-block-list\"><li><strong><a href=\"https:\/\/tousalelysee.net\/index.php\/le-nucleaire-militaire-interview-de-jean-marie-matagne-par-mathilde-panot-la-france-insoumise\/\">Le nucl\u00e9aire militaire : Interview de Jean-Marie Matagne par Mathilde Panot, f\u00e9vrier 2018<\/a><\/strong><\/li><\/ul>\n\n\n\n<ul class=\"wp-block-list\"><li><a href=\"https:\/\/tousalelysee.net\/index.php\/intervention-dacdn-a-lonu-a-propos-du-traite-dinterdiction-des-armes-nucleaires\/\"><strong>Intervention d\u2019ACDN \u00e0 l\u2019ONU \u00e0 propos du trait\u00e9 d\u2019interdiction des armes nucl\u00e9aires<\/strong>. <strong>New York, 30 mars 2017<\/strong><\/a><\/li><\/ul>\n\n\n\n<ul class=\"wp-block-list\"><li><strong><a href=\"https:\/\/tousalelysee.net\/index.php\/greve-de-la-faim-pour-un-referendum-sur-le-desarmement-nucleaire\/\">Gr\u00e8ve de la faim pour un r\u00e9f\u00e9rendum sur le d\u00e9sarmement nucl\u00e9aire : Interview de Jean-Marie Matagne. juin 2012<\/a><\/strong><\/li><\/ul>\n\n\n\n<ul class=\"wp-block-list\"><li><a href=\"https:\/\/tousalelysee.net\/index.php\/portrait-de-saintais-jean-marie-matagne\/\"><strong>Portrait de saintais\u00a0: Jean Marie Matagne<\/strong> <strong>mars 2011<\/strong><\/a><\/li><\/ul>\n\n\n\n<p><\/p>\n<\/div>\n<\/div>\n\n\n\n<p><\/p>\n","protected":false},"excerpt":{"rendered":"<p>Festival D\u00e9sarmer pour vivre. 6\/9 Ao\u00fbt 2021. Le nucl\u00e9aire militaire : Interview de Jean-Marie Matagne par Mathilde Panot, f\u00e9vrier 2018 Intervention d\u2019ACDN \u00e0 l\u2019ONU \u00e0 propos du trait\u00e9 d\u2019interdiction des armes nucl\u00e9aires. New York, 30 mars 2017 Gr\u00e8ve de la faim pour un r\u00e9f\u00e9rendum sur le d\u00e9sarmement nucl\u00e9aire : Interview de Jean-Marie Matagne. juin 2012 [&hellip;]<\/p>\n","protected":false},"author":2,"featured_media":0,"parent":0,"menu_order":0,"comment_status":"closed","ping_status":"closed","template":"","meta":{"footnotes":""},"class_list":["post-119","page","type-page","status-publish","hentry"],"yoast_head":"<!-- This site is optimized with the Yoast SEO plugin v24.9 - https:\/\/yoast.com\/wordpress\/plugins\/seo\/ -->\n<title>Vid\u00e9os - Tous \u00e0 l&#039;\u00c9lys\u00e9e<\/title>\n<meta name=\"robots\" content=\"index, follow, max-snippet:-1, max-image-preview:large, max-video-preview:-1\" \/>\n<link rel=\"canonical\" href=\"https:\/\/tousalelysee.net\/index.php\/videos\/\" \/>\n<meta property=\"og:locale\" content=\"en_US\" \/>\n<meta property=\"og:type\" content=\"article\" \/>\n<meta property=\"og:title\" content=\"Vid\u00e9os - Tous \u00e0 l&#039;\u00c9lys\u00e9e\" \/>\n<meta property=\"og:description\" content=\"Festival D\u00e9sarmer pour vivre. 6\/9 Ao\u00fbt 2021. Le nucl\u00e9aire militaire : Interview de Jean-Marie Matagne par Mathilde Panot, f\u00e9vrier 2018 Intervention d\u2019ACDN \u00e0 l\u2019ONU \u00e0 propos du trait\u00e9 d\u2019interdiction des armes nucl\u00e9aires. New York, 30 mars 2017 Gr\u00e8ve de la faim pour un r\u00e9f\u00e9rendum sur le d\u00e9sarmement nucl\u00e9aire : Interview de Jean-Marie Matagne. juin 2012 [&hellip;]\" \/>\n<meta property=\"og:url\" content=\"https:\/\/tousalelysee.net\/index.php\/videos\/\" \/>\n<meta property=\"og:site_name\" content=\"Tous \u00e0 l&#039;\u00c9lys\u00e9e\" \/>\n<meta property=\"article:modified_time\" content=\"2021-11-11T15:37:13+00:00\" \/>\n<meta name=\"twitter:card\" content=\"summary_large_image\" \/>\n<meta name=\"twitter:label1\" content=\"Est. reading time\" \/>\n\t<meta name=\"twitter:data1\" content=\"1 minute\" \/>\n<script type=\"application\/ld+json\" class=\"yoast-schema-graph\">{\"@context\":\"https:\/\/schema.org\",\"@graph\":[{\"@type\":\"WebPage\",\"@id\":\"https:\/\/tousalelysee.net\/index.php\/videos\/\",\"url\":\"https:\/\/tousalelysee.net\/index.php\/videos\/\",\"name\":\"Vid\u00e9os - Tous \u00e0 l&#039;\u00c9lys\u00e9e\",\"isPartOf\":{\"@id\":\"https:\/\/tousalelysee.net\/#website\"},\"datePublished\":\"2021-11-10T10:27:57+00:00\",\"dateModified\":\"2021-11-11T15:37:13+00:00\",\"breadcrumb\":{\"@id\":\"https:\/\/tousalelysee.net\/index.php\/videos\/#breadcrumb\"},\"inLanguage\":\"en-US\",\"potentialAction\":[{\"@type\":\"ReadAction\",\"target\":[\"https:\/\/tousalelysee.net\/index.php\/videos\/\"]}]},{\"@type\":\"BreadcrumbList\",\"@id\":\"https:\/\/tousalelysee.net\/index.php\/videos\/#breadcrumb\",\"itemListElement\":[{\"@type\":\"ListItem\",\"position\":1,\"name\":\"Accueil\",\"item\":\"https:\/\/tousalelysee.net\/\"},{\"@type\":\"ListItem\",\"position\":2,\"name\":\"Vid\u00e9os\"}]},{\"@type\":\"WebSite\",\"@id\":\"https:\/\/tousalelysee.net\/#website\",\"url\":\"https:\/\/tousalelysee.net\/\",\"name\":\"Tous \u00e0 l'\u00c9lys\u00e9e\",\"description\":\"Comit\u00e9 de soutien \u00e0 la candidature de Jean Marie Matagne\",\"publisher\":{\"@id\":\"https:\/\/tousalelysee.net\/#\/schema\/person\/825a2edf2e31377a5d7011698950494c\"},\"potentialAction\":[{\"@type\":\"SearchAction\",\"target\":{\"@type\":\"EntryPoint\",\"urlTemplate\":\"https:\/\/tousalelysee.net\/?s={search_term_string}\"},\"query-input\":{\"@type\":\"PropertyValueSpecification\",\"valueRequired\":true,\"valueName\":\"search_term_string\"}}],\"inLanguage\":\"en-US\"},{\"@type\":[\"Person\",\"Organization\"],\"@id\":\"https:\/\/tousalelysee.net\/#\/schema\/person\/825a2edf2e31377a5d7011698950494c\",\"name\":\"Jean-Marie Matagne\",\"image\":{\"@type\":\"ImageObject\",\"inLanguage\":\"en-US\",\"@id\":\"https:\/\/tousalelysee.net\/#\/schema\/person\/image\/\",\"url\":\"https:\/\/secure.gravatar.com\/avatar\/ce7b23af69c7ad417200622d5999f588e50c14977aec8104613b9036a66a9eb5?s=96&d=mm&r=g\",\"contentUrl\":\"https:\/\/secure.gravatar.com\/avatar\/ce7b23af69c7ad417200622d5999f588e50c14977aec8104613b9036a66a9eb5?s=96&d=mm&r=g\",\"caption\":\"Jean-Marie Matagne\"},\"logo\":{\"@id\":\"https:\/\/tousalelysee.net\/#\/schema\/person\/image\/\"}}]}<\/script>\n<!-- \/ Yoast SEO plugin. -->","yoast_head_json":{"title":"Vid\u00e9os - Tous \u00e0 l&#039;\u00c9lys\u00e9e","robots":{"index":"index","follow":"follow","max-snippet":"max-snippet:-1","max-image-preview":"max-image-preview:large","max-video-preview":"max-video-preview:-1"},"canonical":"https:\/\/tousalelysee.net\/index.php\/videos\/","og_locale":"en_US","og_type":"article","og_title":"Vid\u00e9os - Tous \u00e0 l&#039;\u00c9lys\u00e9e","og_description":"Festival D\u00e9sarmer pour vivre. 6\/9 Ao\u00fbt 2021. Le nucl\u00e9aire militaire : Interview de Jean-Marie Matagne par Mathilde Panot, f\u00e9vrier 2018 Intervention d\u2019ACDN \u00e0 l\u2019ONU \u00e0 propos du trait\u00e9 d\u2019interdiction des armes nucl\u00e9aires. New York, 30 mars 2017 Gr\u00e8ve de la faim pour un r\u00e9f\u00e9rendum sur le d\u00e9sarmement nucl\u00e9aire : Interview de Jean-Marie Matagne. juin 2012 [&hellip;]","og_url":"https:\/\/tousalelysee.net\/index.php\/videos\/","og_site_name":"Tous \u00e0 l&#039;\u00c9lys\u00e9e","article_modified_time":"2021-11-11T15:37:13+00:00","twitter_card":"summary_large_image","twitter_misc":{"Est. reading time":"1 minute"},"schema":{"@context":"https:\/\/schema.org","@graph":[{"@type":"WebPage","@id":"https:\/\/tousalelysee.net\/index.php\/videos\/","url":"https:\/\/tousalelysee.net\/index.php\/videos\/","name":"Vid\u00e9os - Tous \u00e0 l&#039;\u00c9lys\u00e9e","isPartOf":{"@id":"https:\/\/tousalelysee.net\/#website"},"datePublished":"2021-11-10T10:27:57+00:00","dateModified":"2021-11-11T15:37:13+00:00","breadcrumb":{"@id":"https:\/\/tousalelysee.net\/index.php\/videos\/#breadcrumb"},"inLanguage":"en-US","potentialAction":[{"@type":"ReadAction","target":["https:\/\/tousalelysee.net\/index.php\/videos\/"]}]},{"@type":"BreadcrumbList","@id":"https:\/\/tousalelysee.net\/index.php\/videos\/#breadcrumb","itemListElement":[{"@type":"ListItem","position":1,"name":"Accueil","item":"https:\/\/tousalelysee.net\/"},{"@type":"ListItem","position":2,"name":"Vid\u00e9os"}]},{"@type":"WebSite","@id":"https:\/\/tousalelysee.net\/#website","url":"https:\/\/tousalelysee.net\/","name":"Tous \u00e0 l'\u00c9lys\u00e9e","description":"Comit\u00e9 de soutien \u00e0 la candidature de Jean Marie Matagne","publisher":{"@id":"https:\/\/tousalelysee.net\/#\/schema\/person\/825a2edf2e31377a5d7011698950494c"},"potentialAction":[{"@type":"SearchAction","target":{"@type":"EntryPoint","urlTemplate":"https:\/\/tousalelysee.net\/?s={search_term_string}"},"query-input":{"@type":"PropertyValueSpecification","valueRequired":true,"valueName":"search_term_string"}}],"inLanguage":"en-US"},{"@type":["Person","Organization"],"@id":"https:\/\/tousalelysee.net\/#\/schema\/person\/825a2edf2e31377a5d7011698950494c","name":"Jean-Marie Matagne","image":{"@type":"ImageObject","inLanguage":"en-US","@id":"https:\/\/tousalelysee.net\/#\/schema\/person\/image\/","url":"https:\/\/secure.gravatar.com\/avatar\/ce7b23af69c7ad417200622d5999f588e50c14977aec8104613b9036a66a9eb5?s=96&d=mm&r=g","contentUrl":"https:\/\/secure.gravatar.com\/avatar\/ce7b23af69c7ad417200622d5999f588e50c14977aec8104613b9036a66a9eb5?s=96&d=mm&r=g","caption":"Jean-Marie Matagne"},"logo":{"@id":"https:\/\/tousalelysee.net\/#\/schema\/person\/image\/"}}]}},"_links":{"self":[{"href":"https:\/\/tousalelysee.net\/index.php\/wp-json\/wp\/v2\/pages\/119","targetHints":{"allow":["GET"]}}],"collection":[{"href":"https:\/\/tousalelysee.net\/index.php\/wp-json\/wp\/v2\/pages"}],"about":[{"href":"https:\/\/tousalelysee.net\/index.php\/wp-json\/wp\/v2\/types\/page"}],"author":[{"embeddable":true,"href":"https:\/\/tousalelysee.net\/index.php\/wp-json\/wp\/v2\/users\/2"}],"replies":[{"embeddable":true,"href":"https:\/\/tousalelysee.net\/index.php\/wp-json\/wp\/v2\/comments?post=119"}],"version-history":[{"count":14,"href":"https:\/\/tousalelysee.net\/index.php\/wp-json\/wp\/v2\/pages\/119\/revisions"}],"predecessor-version":[{"id":174,"href":"https:\/\/tousalelysee.net\/index.php\/wp-json\/wp\/v2\/pages\/119\/revisions\/174"}],"wp:attachment":[{"href":"https:\/\/tousalelysee.net\/index.php\/wp-json\/wp\/v2\/media?parent=119"}],"curies":[{"name":"wp","href":"https:\/\/api.w.org\/{rel}","templated":true}]}}